{"id":480,"date":"2025-08-31T04:42:14","date_gmt":"2025-08-31T04:42:14","guid":{"rendered":"https:\/\/natureforlife.org\/?page_id=480"},"modified":"2025-12-10T15:19:18","modified_gmt":"2025-12-10T15:19:18","slug":"innovations","status":"publish","type":"page","link":"https:\/\/natureforlife.org\/pt\/innovations\/","title":{"rendered":"Inova\u00e7\u00f5es"},"content":{"rendered":"<section class=\"u-clearfix u-section-2\" id=\"block-1\">\n      <div class=\"u-clearfix u-sheet u-sheet-1\">\n        <p class=\"u-text u-text-default u-text-1\"><span class=\"u-text-palette-3-base\"> &nbsp;<span style=\"font-size: 1.875rem;\"> Inova\u00e7\u00f5es&nbsp;<\/span>\n            <br><\/span><span class=\"u-text-palette-3-base\"><\/span><span class=\"u-text-palette-3-base\">\n            <br><\/span><span class=\"u-text-palette-3-base\">\n            <br> Lista de inova\u00e7\u00e3o, dispon\u00edvel em detalhes para parceiros aprovados, como funda\u00e7\u00f5es irm\u00e3s:<br>\n            <br> N1: Bee Hills, melhorando a biodiversidade local<br> N2: Energia Alimentar Floresta, uso triplo da terra<br> N3: Ecocorredor, reservas naturais protegidas, frequentemente ao longo de cursos de \u00e1gua<br> N4: SolarConvect, ventila\u00e7\u00e3o solar de edif\u00edcios<br> N5: Telhado seco, secagem solar do conte\u00fado do recipiente<br> N6: Telhado de suporte, ventila\u00e7\u00e3o solar integrada do edif\u00edcio<br> N7: Zonzenden, prepara\u00e7\u00e3o de refei\u00e7\u00f5es sem CO2<br> N8: Flexidome, casas resistentes a ciclones<br> N9: Variweir, dreno e transbordamento ajust\u00e1veis<br> N10: Armadilha de CO2, captura CO2 de motores de combust\u00e3o<br> N11: Armadilha de calor, captura calor \u00fatil de motores de combust\u00e3o<br> N12: Solprep, o forno termo-solar ajust\u00e1vel para preparar refei\u00e7\u00f5es<br> N13: Ferfood, desenvolvendo prote\u00ednas vegetais saud\u00e1veis&nbsp;<br>N14: Produtos pr\u00f3prios, produ\u00e7\u00e3o de alimentos caseiros\/evitar o transporte de longa dist\u00e2ncia<br> N15: SpecObserve, controle da biodiversidade a\u00e9rea<br> N16: NatureSocials, v\u00eddeos curtos sobre fun\u00e7\u00f5es naturais<br> N17: DamagePrevent, medidas preventivas para a natureza e a sa\u00fade<br> N18: NatureProm, promovendo subs\u00eddios para medidas de conserva\u00e7\u00e3o da natureza<br> N19: NatureKnowledge, disseminando o uso de tecnologias para conserva\u00e7\u00e3o e melhoria da natureza<br> N20: Greenview, vivendo com vista para a natureza<br> N21: Ecoespa\u00e7o: fornecer espa\u00e7o de vida suficiente para outros animais<br> N22: \u201cCentros regionais da cadeia de valor dos pl\u00e1sticos\u201d, estabelecendo centros internacionais para o processamento de pl\u00e1sticos<br> N23: Floresta dom\u00e9stica; Floresta escolar; Floresta de trabalho; Floresta de escrit\u00f3rio; Floresta de f\u00e1brica, desenvolvimento juvenil para a integra\u00e7\u00e3o geral de espa\u00e7os verdes<br> N24: EnergyPlusWater, fornecimento local (de emerg\u00eancia) de energia e \u00e1gua<br> N25: Aquasavings, salvaguardas para \u00e1gua pot\u00e1vel produzida<br> N26: StopAtmocide, protegendo a atmosfera dos detritos espaciais\n&nbsp; <br><\/span>\n        <\/p>\n      <\/div>\n    <\/section>","protected":false},"excerpt":{"rendered":"<p>&nbsp; Innovations&nbsp; Innovation list, available in detail for approved partners, such as sister foundations: N1: Bee Hills, improving local biodiversity N2: Energy Food Forest, triple land use N3: Ecocorridor, protected nature reserves, often along waterways N4: SolarConvect, solar ventilation of buildings N5: Dry Roof, solar drying of container contents N6: Brace Roof, integrated solar building &hellip; <a href=\"https:\/\/natureforlife.org\/pt\/innovations\/\" class=\"more-link\">continue lendo<span class=\"screen-reader-text\"> &#8220;Innovations&#8221;<\/span><\/a><\/p>","protected":false},"author":1,"featured_media":0,"parent":0,"menu_order":0,"comment_status":"closed","ping_status":"closed","template":"","meta":{"footnotes":""},"class_list":["post-480","page","type-page","status-publish","hentry"],"_links":{"self":[{"href":"https:\/\/natureforlife.org\/pt\/wp-json\/wp\/v2\/pages\/480","targetHints":{"allow":["GET"]}}],"collection":[{"href":"https:\/\/natureforlife.org\/pt\/wp-json\/wp\/v2\/pages"}],"about":[{"href":"https:\/\/natureforlife.org\/pt\/wp-json\/wp\/v2\/types\/page"}],"author":[{"embeddable":true,"href":"https:\/\/natureforlife.org\/pt\/wp-json\/wp\/v2\/users\/1"}],"replies":[{"embeddable":true,"href":"https:\/\/natureforlife.org\/pt\/wp-json\/wp\/v2\/comments?post=480"}],"version-history":[{"count":4,"href":"https:\/\/natureforlife.org\/pt\/wp-json\/wp\/v2\/pages\/480\/revisions"}],"predecessor-version":[{"id":489,"href":"https:\/\/natureforlife.org\/pt\/wp-json\/wp\/v2\/pages\/480\/revisions\/489"}],"wp:attachment":[{"href":"https:\/\/natureforlife.org\/pt\/wp-json\/wp\/v2\/media?parent=480"}],"curies":[{"name":"wp","href":"https:\/\/api.w.org\/{rel}","templated":true}]}}