{"id":382,"date":"2023-01-30T17:45:58","date_gmt":"2023-01-30T17:45:58","guid":{"rendered":"https:\/\/natureforlife.org\/mission\/"},"modified":"2025-08-14T18:37:52","modified_gmt":"2025-08-14T18:37:52","slug":"vision","status":"publish","type":"page","link":"https:\/\/natureforlife.org\/pt\/vision\/","title":{"rendered":"Vis\u00e3o"},"content":{"rendered":"<section class=\"u-black u-clearfix u-section-2\" id=\"sec-8f1b\">\n      <div class=\"u-clearfix u-sheet u-sheet-1\">\n        <h1 class=\"u-text u-text-default u-text-palette-5-base u-text-1\">Vis\u00e3o<\/h1>\n        <img decoding=\"async\" class=\"u-expanded-width u-image u-image-default u-image-1\" src=\"https:\/\/natureforlife.org\/wp-content\/uploads\/2023\/01\/Screenshot2022-03-14at15-20-01Missie-6.png\" alt=\"\" data-image-width=\"970\" data-image-height=\"95\">\n        <p class=\"u-text u-text-default u-text-palette-3-base u-text-2\">Vis\u00e3o <br>\n          <br>Desde que a vida come\u00e7ou a se desenvolver na Terra, o n\u00famero de formas de vida aumentou consistentemente. Esse aumento levou \u00e0 impressionante multiplicidade atual de organismos unicelulares, plantas e animais, que s\u00e3o t\u00e3o importantes para n\u00f3s agora. Essa riqueza de esp\u00e9cies, tamb\u00e9m chamada de biodiversidade, serve para amortecer a rea\u00e7\u00e3o de nossa Terra a mudan\u00e7as repentinas no meio ambiente. <br>\n          <br>Os humanos come\u00e7aram a perturbar esse equil\u00edbrio em grande escala \u00e0 medida que a revolu\u00e7\u00e3o industrial se instalava. No entanto, beneficiamos muito de toda a diversidade que a natureza tem para oferecer. Pense na purifica\u00e7\u00e3o da \u00e1gua, na produ\u00e7\u00e3o de alimentos, na absor\u00e7\u00e3o de CO2, na produ\u00e7\u00e3o de medicamentos, no tratamento de res\u00edduos e na recrea\u00e7\u00e3o. Al\u00e9m disso, a biodiversidade provou ser uma arma astuta contra a r\u00e1pida mudan\u00e7a clim\u00e1tica. <br>\n          <br>A &quot;Nature for Life Foundation&quot; tem como objetivo chamar a aten\u00e7\u00e3o de cidad\u00e3os, pol\u00edticos e empres\u00e1rios para a import\u00e2ncia da biodiversidade, usando linguagem simples e exemplos imaginativos. \n        <\/p>\n      <\/div>\n    <\/section>","protected":false},"excerpt":{"rendered":"<p>Vision Vision Since life started to develop on earth, the number of life forms has consistently increased. This increase has led to the current impressive multiplicity of single-celled organisms, plants, and animals, which are so highly important to us now. This wealth of species, also called biodiversity, serves to cushion our earth&#8217;s reaction to sudden &hellip; <a href=\"https:\/\/natureforlife.org\/pt\/vision\/\" class=\"more-link\">continue lendo<span class=\"screen-reader-text\"> &#8220;Vision&#8221;<\/span><\/a><\/p>","protected":false},"author":1,"featured_media":0,"parent":0,"menu_order":11,"comment_status":"closed","ping_status":"closed","template":"","meta":{"footnotes":""},"class_list":["post-382","page","type-page","status-publish","hentry"],"_links":{"self":[{"href":"https:\/\/natureforlife.org\/pt\/wp-json\/wp\/v2\/pages\/382","targetHints":{"allow":["GET"]}}],"collection":[{"href":"https:\/\/natureforlife.org\/pt\/wp-json\/wp\/v2\/pages"}],"about":[{"href":"https:\/\/natureforlife.org\/pt\/wp-json\/wp\/v2\/types\/page"}],"author":[{"embeddable":true,"href":"https:\/\/natureforlife.org\/pt\/wp-json\/wp\/v2\/users\/1"}],"replies":[{"embeddable":true,"href":"https:\/\/natureforlife.org\/pt\/wp-json\/wp\/v2\/comments?post=382"}],"version-history":[{"count":3,"href":"https:\/\/natureforlife.org\/pt\/wp-json\/wp\/v2\/pages\/382\/revisions"}],"predecessor-version":[{"id":471,"href":"https:\/\/natureforlife.org\/pt\/wp-json\/wp\/v2\/pages\/382\/revisions\/471"}],"wp:attachment":[{"href":"https:\/\/natureforlife.org\/pt\/wp-json\/wp\/v2\/media?parent=382"}],"curies":[{"name":"wp","href":"https:\/\/api.w.org\/{rel}","templated":true}]}}