{"id":378,"date":"2023-01-30T17:45:54","date_gmt":"2023-01-30T17:45:54","guid":{"rendered":"https:\/\/natureforlife.org\/links\/"},"modified":"2025-02-17T14:53:13","modified_gmt":"2025-02-17T14:53:13","slug":"links","status":"publish","type":"page","link":"https:\/\/natureforlife.org\/pt\/links\/","title":{"rendered":"links"},"content":{"rendered":"<section class=\"u-black u-clearfix u-section-1\" id=\"sec-f733\">\n      <div class=\"u-clearfix u-sheet u-sheet-1\">\n        <h1 class=\"u-text u-text-default u-text-palette-5-base u-text-1\">links<\/h1>\n        <p class=\"u-text u-text-palette-3-base u-text-2\"> Alguns links n\u00e3o est\u00e3o dispon\u00edveis no idioma ingl\u00eas. Devido \u00e0 alta qualidade de seu conte\u00fado, ainda gostamos de compartilh\u00e1-lo com voc\u00ea. Por favor, use o &quot;google translate&quot; para ver o conte\u00fado em seu idioma preferido.&nbsp;<br>\n          <br>&nbsp;* <a href=\"http:\/\/www.hetkanwel.nl\" class=\"u-active-none u-border-none u-btn u-button-style u-hover-none u-none u-text-palette-1-base u-btn-1\">www.hetkanwel.nl<\/a>&nbsp;(um site premiado sobre ideias, como usar m\u00e9todos sustent\u00e1veis na vida di\u00e1ria)<br>&nbsp;* <a href=\"http:\/\/www.zeewierwijzer.com\" class=\"u-active-none u-border-none u-btn u-button-style u-hover-none u-none u-text-palette-1-base u-btn-2\">www.zeewierwijzer.com<\/a>&nbsp;(como usar algas marinhas para compor nossas refei\u00e7\u00f5es saud\u00e1veis?)&nbsp;<br>&nbsp;* <a href=\"http:\/\/www.ecodorpboekel.nl\" class=\"u-active-none u-border-none u-btn u-button-style u-hover-none u-none u-text-palette-1-base u-btn-3\">www.ecodorpboekel.nl<\/a>&nbsp;(uma &quot;ecovila experimental&quot;)&nbsp;&nbsp;\n        <\/p>\n      <\/div>\n    <\/section>","protected":false},"excerpt":{"rendered":"<p>Links Alguns links n\u00e3o est\u00e3o dispon\u00edveis no idioma ingl\u00eas. Devido ao conte\u00fado de alta qualidade, ainda gostamos de compartilh\u00e1-lo com voc\u00ea. Por favor, use o \u201cgoogle tradutor\u201d para ver o conte\u00fado no seu idioma preferido. * www.hetkanwel.nl (um site premiado sobre ideias sobre como usar m\u00e9todos sustent\u00e1veis na vida di\u00e1ria) * www.zeewierwijzer.com (como\u2026 <a href=\"https:\/\/natureforlife.org\/pt\/links\/\" class=\"more-link\">continue lendo<span class=\"screen-reader-text\"> \u201cLiga\u00e7\u00f5es\u201d<\/span><\/a><\/p>","protected":false},"author":1,"featured_media":0,"parent":0,"menu_order":7,"comment_status":"closed","ping_status":"closed","template":"","meta":{"footnotes":""},"class_list":["post-378","page","type-page","status-publish","hentry"],"_links":{"self":[{"href":"https:\/\/natureforlife.org\/pt\/wp-json\/wp\/v2\/pages\/378","targetHints":{"allow":["GET"]}}],"collection":[{"href":"https:\/\/natureforlife.org\/pt\/wp-json\/wp\/v2\/pages"}],"about":[{"href":"https:\/\/natureforlife.org\/pt\/wp-json\/wp\/v2\/types\/page"}],"author":[{"embeddable":true,"href":"https:\/\/natureforlife.org\/pt\/wp-json\/wp\/v2\/users\/1"}],"replies":[{"embeddable":true,"href":"https:\/\/natureforlife.org\/pt\/wp-json\/wp\/v2\/comments?post=378"}],"version-history":[{"count":1,"href":"https:\/\/natureforlife.org\/pt\/wp-json\/wp\/v2\/pages\/378\/revisions"}],"predecessor-version":[{"id":390,"href":"https:\/\/natureforlife.org\/pt\/wp-json\/wp\/v2\/pages\/378\/revisions\/390"}],"wp:attachment":[{"href":"https:\/\/natureforlife.org\/pt\/wp-json\/wp\/v2\/media?parent=378"}],"curies":[{"name":"wp","href":"https:\/\/api.w.org\/{rel}","templated":true}]}}