{"id":377,"date":"2023-01-30T17:45:53","date_gmt":"2023-01-30T17:45:53","guid":{"rendered":"https:\/\/natureforlife.org\/contacts\/"},"modified":"2025-02-17T14:53:13","modified_gmt":"2025-02-17T14:53:13","slug":"contacts","status":"publish","type":"page","link":"https:\/\/natureforlife.org\/pt\/contacts\/","title":{"rendered":"Contatos"},"content":{"rendered":"<section class=\"u-black u-clearfix u-section-2\" id=\"sec-f733\">\n      <div class=\"u-clearfix u-sheet u-sheet-1\">\n        <h1 class=\"u-text u-text-default u-text-palette-5-base u-text-1\">Contatos<\/h1>\n        <img decoding=\"async\" class=\"u-image u-image-default u-image-1\" src=\"https:\/\/natureforlife.org\/wp-content\/uploads\/2023\/01\/contact1-6.jpg\" alt=\"\" data-image-width=\"317\" data-image-height=\"200\">\n        <p class=\"u-text u-text-palette-3-base u-text-2\"> Contactos\/ Comunica\u00e7\u00e3o: &nbsp; &nbsp;<br>\n          <br>not\u00edcias da web:&nbsp;<a href=\"http:\/\/www.facebook.com\/natureforlifefoundation\" class=\"u-active-none u-border-none u-btn u-button-style u-hover-none u-none u-text-palette-1-base u-btn-1\">www.facebook.com\/natureforlifefoundation<\/a>&nbsp;&nbsp;<br>O email:&nbsp;<a href=\"mailto:info@natureforlife.org\" class=\"u-active-none u-border-none u-btn u-button-style u-hover-none u-none u-text-palette-1-base u-btn-2\">info@natureforlife.org<\/a>&nbsp; &nbsp;&nbsp;<br>\n          <br>Mensagem: Nature for Life Foundation, Grotestraat 154A, 5141HC Waalwijk, Holanda&nbsp; &nbsp;<br>\n          <br>Visitas: Consulte aqui antes o nosso endere\u00e7o, mas marque sempre uma visita.&nbsp;<br>Transporte p\u00fablico: das esta\u00e7\u00f5es de trem Den Bosch ou \u00f4nibus de Tilburg at\u00e9 Waalwijk \u201cesta\u00e7\u00e3o de \u00f4nibus\u201d e depois 10 minutos a p\u00e9.&nbsp; &nbsp;<br>\n          <br>Telefone: +31 682 008 054 (tamb\u00e9m Whatsapp) \n        <\/p>\n      <\/div>\n    <\/section>","protected":false},"excerpt":{"rendered":"<p>Contactos Contactos\/ Comunica\u00e7\u00e3o: Web news: www.facebook.com\/natureforlifefoundation Email: info@natureforlife.org Post: Nature for Life Foundation, Grotestraat 154A, 5141HC Waalwijk, Holanda Visitas: Consulte aqui a nossa morada antes, mas marque sempre uma consulta . Transporte p\u00fablico: das esta\u00e7\u00f5es ferrovi\u00e1rias Den Bosch ou Tilburg, \u00f4nibus at\u00e9 a \u201cesta\u00e7\u00e3o rodovi\u00e1ria\u201d de Waalwijk e depois 10 minutos a p\u00e9.  Telefone: +31 682 008 054 (tamb\u00e9m Whatsapp)<\/p>","protected":false},"author":1,"featured_media":0,"parent":0,"menu_order":6,"comment_status":"closed","ping_status":"closed","template":"","meta":{"footnotes":""},"class_list":["post-377","page","type-page","status-publish","hentry"],"_links":{"self":[{"href":"https:\/\/natureforlife.org\/pt\/wp-json\/wp\/v2\/pages\/377","targetHints":{"allow":["GET"]}}],"collection":[{"href":"https:\/\/natureforlife.org\/pt\/wp-json\/wp\/v2\/pages"}],"about":[{"href":"https:\/\/natureforlife.org\/pt\/wp-json\/wp\/v2\/types\/page"}],"author":[{"embeddable":true,"href":"https:\/\/natureforlife.org\/pt\/wp-json\/wp\/v2\/users\/1"}],"replies":[{"embeddable":true,"href":"https:\/\/natureforlife.org\/pt\/wp-json\/wp\/v2\/comments?post=377"}],"version-history":[{"count":2,"href":"https:\/\/natureforlife.org\/pt\/wp-json\/wp\/v2\/pages\/377\/revisions"}],"predecessor-version":[{"id":435,"href":"https:\/\/natureforlife.org\/pt\/wp-json\/wp\/v2\/pages\/377\/revisions\/435"}],"wp:attachment":[{"href":"https:\/\/natureforlife.org\/pt\/wp-json\/wp\/v2\/media?parent=377"}],"curies":[{"name":"wp","href":"https:\/\/api.w.org\/{rel}","templated":true}]}}