{"id":375,"date":"2023-01-30T17:45:51","date_gmt":"2023-01-30T17:45:51","guid":{"rendered":"https:\/\/natureforlife.org\/policy-priorities-and-actions\/"},"modified":"2025-08-14T09:19:36","modified_gmt":"2025-08-14T09:19:36","slug":"policy-priorities-and-actions","status":"publish","type":"page","link":"https:\/\/natureforlife.org\/pt\/policy-priorities-and-actions\/","title":{"rendered":"Prioridades e a\u00e7\u00f5es pol\u00edticas"},"content":{"rendered":"<section class=\"u-black u-clearfix u-section-2\" id=\"sec-f733\">\n      <div class=\"u-clearfix u-sheet u-sheet-1\">\n        <h1 class=\"u-text u-text-default u-text-palette-5-base u-text-1\">Pol\u00edtica, Prioridades e A\u00e7\u00f5es<\/h1>\n        <img decoding=\"async\" class=\"u-image u-image-default u-image-1\" src=\"https:\/\/natureforlife.org\/wp-content\/uploads\/2023\/01\/priorities1-large-6.jpg\" alt=\"\" data-image-width=\"490\" data-image-height=\"330\">\n        <p class=\"u-text u-text-palette-3-base u-text-2\"> Plano estrat\u00e9gico 2025<br>\n          <br>1. Pol\u00edtica<br>\n          <br> A Nature for Life centra a import\u00e2ncia da natureza saud\u00e1vel nas nossas vidas quotidianas, principalmente nos jovens de todo o mundo, como eleitorado num sistema democr\u00e1tico e futuros inovadores<br>\n          <br>2. Prioridades&nbsp;<br>\n          <br>2.2. Desenhar e produzir internacionalmente pequenos v\u00eddeos para internet com capa humor\u00edstica e um n\u00facleo s\u00e9rio sobre as &quot;fun\u00e7\u00f5es da natureza&quot; para se tornarem virais para os jovens&nbsp;<br>\n          <br>2.3. As \u201cfun\u00e7\u00f5es da natureza\u201d, tamb\u00e9m chamadas de \u201cservi\u00e7os ecossist\u00eamicos\u201d, ser\u00e3o melhor promovidas: a. \u00c1gua B. Comida c. Clima D. Energia e. Sa\u00fade&nbsp;<br>\n          <br>2.4. V\u00e1rias funda\u00e7\u00f5es irm\u00e3s independentes est\u00e3o em processo de se tornarem uma Natureza para a Vida nacional: o mesmo nome, miss\u00e3o, logotipo, mas independentes na implementa\u00e7\u00e3o e nas finan\u00e7as.&nbsp;<br>\n          <br>2.5. Mais de 20 inova\u00e7\u00f5es nos temas do ponto 2.3 est\u00e3o a ser desenvolvidas e os resultados ser\u00e3o partilhados internacionalmente com as funda\u00e7\u00f5es irm\u00e3s.&nbsp;<br>\n          <br>3. A\u00e7\u00f5es&nbsp;<br>\n          <br>3.1. Encontrando os melhores produtores para v\u00eddeos curtos de internet &quot;virais&quot;&nbsp;<br>\n          <br>3.2. Substitui\u00e7\u00e3o do carv\u00e3o vegetal para prepara\u00e7\u00e3o de refei\u00e7\u00f5es por diversas outras t\u00e9cnicas, por exemplo, t\u00e9cnicas de fermenta\u00e7\u00e3o, solar, micro-ondas e aquecimento por indu\u00e7\u00e3o&nbsp;<br>\n          <br>3.3. Pr\u00e1ticas m\u00faltiplas e linearmente escal\u00e1veis de uso da terra, como a Floresta Alimentar Energ\u00e9tica (EFF), onde a produ\u00e7\u00e3o de energia solar pode ser combinada com culturas alimentares biodiversas e recolha, armazenamento e irriga\u00e7\u00e3o de \u00e1guas pluviais.&nbsp;<br>\n          <br>3.4. Instalar os primeiros &quot;Bee Hills&quot; em ambientes urbanos para aumentar a biodiversidade local&nbsp;<br>\n          <br>3.5. P&amp;D em m\u00e9todos para capturar e armazenar calor residual e CO2 de motores de combust\u00e3o&nbsp;<br>\n          <br>3.6. Apoiar funda\u00e7\u00f5es irm\u00e3s na cria\u00e7\u00e3o dos primeiros projetos poss\u00edveis, como \u201ccorredores ecol\u00f3gicos\u201d em torno de um rio polu\u00eddo para as nossas \u201cirm\u00e3s piloto\u201d na G\u00e2mbia e em Madag\u00e1scar&nbsp;<br>\n          <br>3.7. Apoiar funda\u00e7\u00f5es irm\u00e3s nos seus problemas nacionais com res\u00edduos de pl\u00e1stico, visando infra-estruturas e fracionamento.&nbsp;<br>\n          <br>3.8. O \u201cecoc\u00eddio\u201d \u00e9 a destrui\u00e7\u00e3o generalizada de ecossistemas, geralmente por interesses privados. A Nature for Life apoia a\u00e7\u00f5es que garantam que o ecoc\u00eddio seja reconhecido como um crime internacional formal no \u00e2mbito do Estatuto de Roma do Tribunal Penal Internacional (TPI).<br>\n          <br>3.9. Desenvolvimento do \u201cDrinkingTrain\u201d, um sistema independente de energia para produ\u00e7\u00e3o de \u00e1gua pot\u00e1vel <br>\n        <\/p>\n      <\/div>\n    <\/section>","protected":false},"excerpt":{"rendered":"<p>Policy, Priorities and Actions Strategy plan 2025 1. Policy Nature for Life focuses the importance of healthy nature for our daily lives mainly on young people worldwide, as an electorate in a democratic system and future innovators 2. Priorities&nbsp; 2.2. Internationally designing and producing short internet videos with a humorous cover and a serious core &hellip; <a href=\"https:\/\/natureforlife.org\/pt\/policy-priorities-and-actions\/\" class=\"more-link\">continue lendo<span class=\"screen-reader-text\"> \u201cPrioridades e a\u00e7\u00f5es pol\u00edticas\u201d<\/span><\/a><\/p>","protected":false},"author":1,"featured_media":0,"parent":0,"menu_order":4,"comment_status":"closed","ping_status":"closed","template":"","meta":{"footnotes":""},"class_list":["post-375","page","type-page","status-publish","hentry"],"_links":{"self":[{"href":"https:\/\/natureforlife.org\/pt\/wp-json\/wp\/v2\/pages\/375","targetHints":{"allow":["GET"]}}],"collection":[{"href":"https:\/\/natureforlife.org\/pt\/wp-json\/wp\/v2\/pages"}],"about":[{"href":"https:\/\/natureforlife.org\/pt\/wp-json\/wp\/v2\/types\/page"}],"author":[{"embeddable":true,"href":"https:\/\/natureforlife.org\/pt\/wp-json\/wp\/v2\/users\/1"}],"replies":[{"embeddable":true,"href":"https:\/\/natureforlife.org\/pt\/wp-json\/wp\/v2\/comments?post=375"}],"version-history":[{"count":7,"href":"https:\/\/natureforlife.org\/pt\/wp-json\/wp\/v2\/pages\/375\/revisions"}],"predecessor-version":[{"id":475,"href":"https:\/\/natureforlife.org\/pt\/wp-json\/wp\/v2\/pages\/375\/revisions\/475"}],"wp:attachment":[{"href":"https:\/\/natureforlife.org\/pt\/wp-json\/wp\/v2\/media?parent=375"}],"curies":[{"name":"wp","href":"https:\/\/api.w.org\/{rel}","templated":true}]}}