{"id":374,"date":"2023-01-30T17:45:50","date_gmt":"2023-01-30T17:45:50","guid":{"rendered":"https:\/\/natureforlife.org\/support-us\/"},"modified":"2025-02-17T14:53:13","modified_gmt":"2025-02-17T14:53:13","slug":"support-us","status":"publish","type":"page","link":"https:\/\/natureforlife.org\/pt\/support-us\/","title":{"rendered":"Apoie-nos"},"content":{"rendered":"<section class=\"u-black u-clearfix u-section-2\" id=\"sec-f733\">\n      <div class=\"u-clearfix u-sheet u-sheet-1\">\n        <h1 class=\"u-text u-text-default u-text-palette-5-base u-text-1\">Apoie-nos<\/h1>\n        <p class=\"u-text u-text-palette-3-base u-text-2\"><b>Apoie-nos?<\/b>\n          <br>\n          <br>Nosso prop\u00f3sito \u00e9 a distribui\u00e7\u00e3o de conhecimento sobre as fun\u00e7\u00f5es e valores da natureza intocada (tamb\u00e9m chamada de biodiversidade ou servi\u00e7os ecol\u00f3gicos) para nossas gera\u00e7\u00f5es recentes e futuras. Veja nossa \u201cMiss\u00e3o\u201d para uma descri\u00e7\u00e3o mais detalhada.<br>\n          <br>Devido \u00e0 natureza da funda\u00e7\u00e3o (uma funda\u00e7\u00e3o fiscal ANBI com nosso registro na Holanda), assinamos a obriga\u00e7\u00e3o de publicar nossas finan\u00e7as neste site ap\u00f3s cada ano civil - a primeira vez no ano fiscal de 2017, assim que atingimos o n\u00edvel financeiro de nossa principal obriga\u00e7\u00e3o no plano estrat\u00e9gico real.<br>\n          <br>Precisamos de uma renda regular para nossas atividades. Voc\u00ea pode apoiar por:<br>&nbsp;1 Mencionar nosso nome em sua \u00faltima vontade (testamento)<br>&nbsp;2 Transferindo um pequeno pagamento regular para nossa conta (veja abaixo)<br>&nbsp;3 Compartilhando nossas atividades via m\u00eddia social. Observe que temos nossa miss\u00e3o dispon\u00edvel em 13 idiomas, para serem escolhidos na p\u00e1gina inicial deste site<br>&nbsp;4 Patroc\u00ednio direto de uma de nossas atividades futuras, como um congresso<br>\n          <br>Presentes s\u00e3o bem-vindos: entre em contato conosco pelo e-mail info@natureforlife.org ou transfira seus presentes para:<br>Funda\u00e7\u00e3o Stichting Nature for Life, Grotestraat 154a, 5141HC Waalwijk, Holanda<br>Triodos Bank, c\u00f3digo BIC\/Swift: TRIONL2u. IBAN: NL50 TRIO 0320 8742 65<br>\n          <br>Dados da funda\u00e7\u00e3o: N\u00famero da C\u00e2mara de Com\u00e9rcio 66349575 N\u00famero fiscal 856506722<br>\n          <br>Muito obrigado pelo seu apoio ! \n        <\/p>\n      <\/div>\n    <\/section>","protected":false},"excerpt":{"rendered":"<p>Apoie-nos Apoie-nos? Nosso prop\u00f3sito \u00e9 a distribui\u00e7\u00e3o de conhecimento sobre as fun\u00e7\u00f5es e valores da natureza intocada (tamb\u00e9m chamada de biodiversidade ou servi\u00e7os ecol\u00f3gicos) para nossas gera\u00e7\u00f5es recentes e futuras. Veja nossa \u201cMiss\u00e3o\u201d para uma descri\u00e7\u00e3o mais detalhada. Pela natureza da funda\u00e7\u00e3o (funda\u00e7\u00e3o fiscal da ANBI com nosso registro no\u2026 <a href=\"https:\/\/natureforlife.org\/pt\/support-us\/\" class=\"more-link\">continue lendo<span class=\"screen-reader-text\"> &quot;Apoie-nos&quot;<\/span><\/a><\/p>","protected":false},"author":1,"featured_media":0,"parent":0,"menu_order":3,"comment_status":"closed","ping_status":"closed","template":"","meta":{"footnotes":""},"class_list":["post-374","page","type-page","status-publish","hentry"],"_links":{"self":[{"href":"https:\/\/natureforlife.org\/pt\/wp-json\/wp\/v2\/pages\/374","targetHints":{"allow":["GET"]}}],"collection":[{"href":"https:\/\/natureforlife.org\/pt\/wp-json\/wp\/v2\/pages"}],"about":[{"href":"https:\/\/natureforlife.org\/pt\/wp-json\/wp\/v2\/types\/page"}],"author":[{"embeddable":true,"href":"https:\/\/natureforlife.org\/pt\/wp-json\/wp\/v2\/users\/1"}],"replies":[{"embeddable":true,"href":"https:\/\/natureforlife.org\/pt\/wp-json\/wp\/v2\/comments?post=374"}],"version-history":[{"count":3,"href":"https:\/\/natureforlife.org\/pt\/wp-json\/wp\/v2\/pages\/374\/revisions"}],"predecessor-version":[{"id":452,"href":"https:\/\/natureforlife.org\/pt\/wp-json\/wp\/v2\/pages\/374\/revisions\/452"}],"wp:attachment":[{"href":"https:\/\/natureforlife.org\/pt\/wp-json\/wp\/v2\/media?parent=374"}],"curies":[{"name":"wp","href":"https:\/\/api.w.org\/{rel}","templated":true}]}}