{"id":372,"date":"2023-01-30T17:45:48","date_gmt":"2023-01-30T17:45:48","guid":{"rendered":"https:\/\/natureforlife.org\/partners\/"},"modified":"2025-02-17T14:53:13","modified_gmt":"2025-02-17T14:53:13","slug":"partners","status":"publish","type":"page","link":"https:\/\/natureforlife.org\/pt\/partners\/","title":{"rendered":"Parceiros"},"content":{"rendered":"<section class=\"u-black u-clearfix u-section-1\" id=\"sec-f733\">\n      <div class=\"u-clearfix u-sheet u-sheet-1\">\n        <h1 class=\"u-text u-text-default u-text-palette-5-base u-text-1\">Parceiros<\/h1>\n        <p class=\"u-text u-text-palette-3-base u-text-2\"><b>Parceiros<\/b>&nbsp; &nbsp;<br>\n          <br>Pode estar claro que n\u00e3o podemos realizar nossos objetivos sozinhos. Assim, temos o prazer de referir alguns parceiros, que nos apoiaram desde o in\u00edcio. Por exemplo:<br>\n          <br>&nbsp;\n- Funda\u00e7\u00e3o Parkpaviljoen, Waalwijk, Holanda,<i> vizinhos (<a href=\"http:\/\/www.parkpaviljoenwaalwijk.nl\" class=\"u-active-none u-border-none u-btn u-button-style u-hover-none u-none u-text-palette-1-base u-btn-1\">www.parkpaviljoenwaalwijk.nl<\/a>)<\/i>\n          <br>\n          <br>&nbsp;&nbsp;<i>-<\/i> Funda\u00e7\u00e3o Wandelpark, Waalwijk, Holanda,<i> vizinhos (<a href=\"http:\/\/wandelparkwaalwijk.nl\/\" class=\"u-active-none u-border-none u-btn u-button-style u-hover-none u-none u-text-palette-1-base u-btn-2\">http:\/\/wandelparkwaalwijk.nl\/<\/a>)<\/i>\n          <br>&nbsp;<br>&nbsp; - Meewis Notarissen, Waalwijk, Holanda (<a href=\"http:\/\/www.meewisnotarissen.nl\/\" class=\"u-active-none u-border-none u-btn u-button-style u-hover-none u-none u-text-palette-1-base u-btn-3\">http:\/\/www.meewisnotarissen.nl\/<\/a>)<br>\n          <br>&nbsp; - Hortus Botanicus, Amsterdam, Holanda (<a href=\"https:\/\/www.dehortus.nl\/\" class=\"u-active-none u-border-none u-btn u-button-style u-hover-none u-none u-text-palette-1-base u-btn-4\">https:\/\/www.dehortus.nl\/<\/a>) <i><\/i>&nbsp;&nbsp;<br>\n          <br>Al\u00e9m disso temos <b>volunt\u00e1rios<\/b>, ajudando-nos com atividades e conselhos. Sem eles n\u00e3o poder\u00edamos existir. Somos muito gratos a todos pela contribui\u00e7\u00e3o.\n        <\/p>\n      <\/div>\n    <\/section>","protected":false},"excerpt":{"rendered":"<p>Parceiros Parceiros Pode ser claro que n\u00e3o podemos realizar nossos objetivos sozinhos. Assim, temos o prazer de referir alguns parceiros, que nos apoiaram desde o in\u00edcio. Por exemplo: \u2013 Funda\u00e7\u00e3o Parkpaviljoen, Waalwijk, Holanda, vizinhos (www.parkpaviljoenwaalwijk.nl) \u2013 Funda\u00e7\u00e3o Wandelpark, Waalwijk, Holanda, vizinhos (http:\/\/wandelparkwaalwijk.nl\/) \u2013 Meewis Notarissen, Waalwijk, Holanda (http:\/\/ www.meewisnotarissen.nl\/) \u2013 \u2026 <a href=\"https:\/\/natureforlife.org\/pt\/partners\/\" class=\"more-link\">continue lendo<span class=\"screen-reader-text\"> \u201cParceiros\u201d<\/span><\/a><\/p>","protected":false},"author":1,"featured_media":0,"parent":0,"menu_order":1,"comment_status":"closed","ping_status":"closed","template":"","meta":{"footnotes":""},"class_list":["post-372","page","type-page","status-publish","hentry"],"_links":{"self":[{"href":"https:\/\/natureforlife.org\/pt\/wp-json\/wp\/v2\/pages\/372","targetHints":{"allow":["GET"]}}],"collection":[{"href":"https:\/\/natureforlife.org\/pt\/wp-json\/wp\/v2\/pages"}],"about":[{"href":"https:\/\/natureforlife.org\/pt\/wp-json\/wp\/v2\/types\/page"}],"author":[{"embeddable":true,"href":"https:\/\/natureforlife.org\/pt\/wp-json\/wp\/v2\/users\/1"}],"replies":[{"embeddable":true,"href":"https:\/\/natureforlife.org\/pt\/wp-json\/wp\/v2\/comments?post=372"}],"version-history":[{"count":1,"href":"https:\/\/natureforlife.org\/pt\/wp-json\/wp\/v2\/pages\/372\/revisions"}],"predecessor-version":[{"id":384,"href":"https:\/\/natureforlife.org\/pt\/wp-json\/wp\/v2\/pages\/372\/revisions\/384"}],"wp:attachment":[{"href":"https:\/\/natureforlife.org\/pt\/wp-json\/wp\/v2\/media?parent=372"}],"curies":[{"name":"wp","href":"https:\/\/api.w.org\/{rel}","templated":true}]}}