{"id":69,"date":"2023-01-29T09:54:57","date_gmt":"2023-01-29T09:54:57","guid":{"rendered":"https:\/\/natureforlife.org\/annual-financials\/"},"modified":"2025-02-17T14:58:27","modified_gmt":"2025-02-17T14:58:27","slug":"annual-financials","status":"publish","type":"page","link":"https:\/\/natureforlife.org\/fr\/annual-financials\/","title":{"rendered":"\u00c9tats financiers annuels"},"content":{"rendered":"<section class=\"u-black u-clearfix u-section-2\" id=\"sec-228c\">\n      <div class=\"u-clearfix u-sheet u-valign-middle u-sheet-1\">\n        <h1 class=\"u-text u-text-default u-text-palette-5-base u-text-1\">\u00c9tats financiers annuels<\/h1>\n        <img decoding=\"async\" class=\"u-image u-image-default u-image-1\" src=\"https:\/\/natureforlife.org\/wp-content\/uploads\/2023\/01\/politiek1.jpg\" alt=\"\" data-image-width=\"315\" data-image-height=\"199\">\n        <img decoding=\"async\" class=\"u-image u-image-default u-image-2\" src=\"https:\/\/natureforlife.org\/wp-content\/uploads\/2023\/01\/Screenshot2022-03-14at15-13-49Home.png\" alt=\"\" data-image-width=\"420\" data-image-height=\"54\">\n      <\/div>\n    <\/section>\n    <section class=\"u-align-center u-clearfix u-section-3\" id=\"sec-a521\">\n      <div class=\"u-clearfix u-sheet u-sheet-1\">\n        <p class=\"u-align-left u-text u-text-default u-text-palette-3-base u-text-1\">Balans 2024 est publi\u00e9 sur le site Internet<br>\n          <span style=\"font-style: italic;\">(les prix sont calcul\u00e9s sur les soldes en EURO)<\/span>\n          <br>\n        <\/p>\n        <p class=\"u-align-left u-text u-text-default u-text-palette-3-base u-text-2\">Rabobank&nbsp;&nbsp;&nbsp; <span style=\"font-weight: 400;\">1 janv. 2024 25.839,57 31 d\u00e9c. 2024 0,00<br>\n          <\/span>Banque Triodos <span style=\"font-weight: 400;\">1 janv. 2024 0,00 31 d\u00e9c. 2024 25.599,89<\/span>\n          <br>\n          <span style=\"font-weight: 400;\">De saldi waren vrij opneembaar<\/span>\n          <br>\n        <\/p>\n        <p class=\"u-align-left u-text u-text-default u-text-palette-3-base u-text-3\">\u00c9clairage sur les balances 2024<\/p>\n        <div class=\"u-align-right u-table u-table-responsive u-table-1\">\n          <table class=\"u-table-entity u-table-entity-1\">\n            <colgroup>\n              <col width=\"33.3%\">\n              <col width=\"33.3%\">\n              <col width=\"33.39%\">\n            <\/colgroup>\n            <thead class=\"u-grey-50 u-table-header u-table-header-1\">\n              <tr style=\"height: 21px;\">\n                <th class=\"u-border-1 u-border-palette-3-base u-palette-3-base u-table-cell u-table-cell-1\">\u00c9tat de Baten jusqu&#039;en 2024<\/th>\n                <th class=\"u-border-1 u-border-palette-3-base u-palette-3-base u-table-cell u-table-cell-2\">\n                  <br>\n                <\/th>\n                <th class=\"u-border-1 u-border-palette-3-base u-palette-3-base u-table-cell u-table-cell-3\">\n                  <br>\n                <\/th>\n              <\/tr>\n            <\/thead>\n            <tbody class=\"u-table-body\">\n              <tr style=\"height: 50px;\">\n                <td class=\"u-black u-border-1 u-border-grey-30 u-first-column u-table-cell u-table-cell-4\">B\u00e2ton\u00a0:<\/td>\n                <td class=\"u-border-1 u-border-grey-30 u-table-cell\">\n                  <br>\n                <\/td>\n                <td class=\"u-align-right u-border-1 u-border-grey-30 u-table-cell\">0<\/td>\n              <\/tr>\n              <tr style=\"height: 50px;\">\n                <td class=\"u-black u-border-1 u-border-grey-30 u-first-column u-table-cell u-table-cell-7\">\n                  <br>\n                <\/td>\n                <td class=\"u-border-1 u-border-grey-30 u-table-cell\">\n                  <br>\n                <\/td>\n                <td class=\"u-border-1 u-border-grey-30 u-table-cell\">\n                  <br>\n                <\/td>\n              <\/tr>\n              <tr style=\"height: 50px;\">\n                <td class=\"u-black u-border-1 u-border-grey-30 u-first-column u-table-cell u-table-cell-10\">Durer\u00a0:<\/td>\n                <td class=\"u-align-right u-border-1 u-border-grey-30 u-table-cell\">\n                  <br>\n                <\/td>\n                <td class=\"u-border-1 u-border-grey-30 u-table-cell\">\n                  <br>\n                <\/td>\n              <\/tr>\n              <tr style=\"height: 50px;\">\n                <td class=\"u-black u-border-1 u-border-grey-30 u-table-cell u-table-cell-13\">- Banque<br>\n                <\/td>\n                <td class=\"u-align-right u-border-1 u-border-grey-30 u-table-cell\">239,68<\/td>\n                <td class=\"u-border-1 u-border-grey-30 u-table-cell\"><\/td>\n              <\/tr>\n              <tr style=\"height: 50px;\">\n                <td class=\"u-black u-border-1 u-border-grey-30 u-table-cell u-table-cell-16\">- Te verrekenen voorgeschoten D. van Toledo jusqu&#039;en 2024<\/td>\n                <td class=\"u-align-right u-border-1 u-border-grey-30 u-table-cell\">5730,93<\/td>\n                <td class=\"u-align-right u-border-1 u-border-grey-30 u-table-cell\">\n                  <br>\n                <\/td>\n              <\/tr>\n              <tr style=\"height: 50px;\">\n                <td class=\"u-black u-border-1 u-border-grey-30 u-table-cell u-table-cell-19\"><\/td>\n                <td class=\"u-align-right u-border-1 u-border-grey-30 u-table-cell\"><\/td>\n                <td class=\"u-align-right u-border-1 u-border-grey-30 u-table-cell\"><\/td>\n              <\/tr>\n              <tr style=\"height: 50px;\">\n                <td class=\"u-black u-border-1 u-border-grey-30 u-table-cell u-table-cell-22\">R\u00e9sultats 2024<\/td>\n                <td class=\"u-align-right u-border-1 u-border-grey-30 u-table-cell\"><\/td>\n                <td class=\"u-align-right u-border-1 u-border-grey-30 u-table-cell\">\n                  <div>- 5.970,61<\/div>\n                <\/td>\n              <\/tr>\n            <\/tbody>\n          <\/table>\n        <\/div>\n      <\/div>\n    <\/section>","protected":false},"excerpt":{"rendered":"<p>Rapports financiers annuels 2024 publi\u00e9s sur le site Web (disponibles sur les soldes en euros) Rabobank 1er janvier 2024 25.839,57 31 d\u00e9cembre 2024 0,00 Banque Triodos 1er janvier 2024 0,00 31 d\u00e9cembre 2024 25.599,89 Les soldes vrij opneembaar Toelichting op de balans 2024 Staat van Baten en lasten \u2026 <a href=\"https:\/\/natureforlife.org\/fr\/annual-financials\/\" class=\"more-link\">continuer la lecture<span class=\"screen-reader-text\"> \u00ab\u00a0Rapports financiers annuels\u00a0\u00bb<\/span><\/a><\/p>","protected":false},"author":1,"featured_media":0,"parent":0,"menu_order":2,"comment_status":"closed","ping_status":"closed","template":"","meta":{"footnotes":""},"class_list":["post-69","page","type-page","status-publish","hentry"],"_links":{"self":[{"href":"https:\/\/natureforlife.org\/fr\/wp-json\/wp\/v2\/pages\/69","targetHints":{"allow":["GET"]}}],"collection":[{"href":"https:\/\/natureforlife.org\/fr\/wp-json\/wp\/v2\/pages"}],"about":[{"href":"https:\/\/natureforlife.org\/fr\/wp-json\/wp\/v2\/types\/page"}],"author":[{"embeddable":true,"href":"https:\/\/natureforlife.org\/fr\/wp-json\/wp\/v2\/users\/1"}],"replies":[{"embeddable":true,"href":"https:\/\/natureforlife.org\/fr\/wp-json\/wp\/v2\/comments?post=69"}],"version-history":[{"count":24,"href":"https:\/\/natureforlife.org\/fr\/wp-json\/wp\/v2\/pages\/69\/revisions"}],"predecessor-version":[{"id":457,"href":"https:\/\/natureforlife.org\/fr\/wp-json\/wp\/v2\/pages\/69\/revisions\/457"}],"wp:attachment":[{"href":"https:\/\/natureforlife.org\/fr\/wp-json\/wp\/v2\/media?parent=69"}],"curies":[{"name":"wp","href":"https:\/\/api.w.org\/{rel}","templated":true}]}}