{"id":480,"date":"2025-08-31T04:42:14","date_gmt":"2025-08-31T04:42:14","guid":{"rendered":"https:\/\/natureforlife.org\/?page_id=480"},"modified":"2025-12-10T15:19:18","modified_gmt":"2025-12-10T15:19:18","slug":"innovations","status":"publish","type":"page","link":"https:\/\/natureforlife.org\/fr\/innovations\/","title":{"rendered":"Innovations"},"content":{"rendered":"<section class=\"u-clearfix u-section-2\" id=\"block-1\">\n      <div class=\"u-clearfix u-sheet u-sheet-1\">\n        <p class=\"u-text u-text-default u-text-1\"><span class=\"u-text-palette-3-base\"> &nbsp;<span style=\"font-size: 1.875rem;\"> Innovations&nbsp;<\/span>\n            <br><\/span><span class=\"u-text-palette-3-base\"><\/span><span class=\"u-text-palette-3-base\">\n            <br><\/span><span class=\"u-text-palette-3-base\">\n            <br> Liste des innovations, disponible en d\u00e9tail pour les partenaires agr\u00e9\u00e9s, tels que les fondations s\u0153urs :<br>\n            <br> N1 : Bee Hills, am\u00e9liorer la biodiversit\u00e9 locale<br> N2 : For\u00eat \u00c9nergie Nourriture, triple utilisation des terres<br> N3 : \u00c9cocorridor, r\u00e9serves naturelles prot\u00e9g\u00e9es, souvent le long des cours d&#039;eau<br> N4 : SolarConvect, ventilation solaire des b\u00e2timents<br> N5 : Toiture s\u00e8che, s\u00e9chage solaire du contenu du conteneur<br> N6 : Toiture \u00e0 croisillons, ventilation solaire int\u00e9gr\u00e9e du b\u00e2timent<br> N7 : Zonzenden, pr\u00e9paration de repas sans CO2<br> N8 : Flexidome, maisons r\u00e9sistantes aux cyclones<br> N9 : Variweir, bonde et trop-plein r\u00e9glables<br> N10 : Pi\u00e8ge \u00e0 CO2, capture le CO2 des moteurs \u00e0 combustion<br> N11 : Pi\u00e8ge \u00e0 chaleur, capte la chaleur utile des moteurs \u00e0 combustion<br> N12 : Solprep, le four thermo-solaire r\u00e9glable pour la pr\u00e9paration des repas<br> N13 : Ferfood, d\u00e9velopper des prot\u00e9ines v\u00e9g\u00e9tales saines&nbsp;<br>N14 : Produits propres, production alimentaire locale\/\u00e9viter le transport longue distance<br> N15 : SpecObserve, contr\u00f4le a\u00e9rien de la biodiversit\u00e9<br> N16 : NatureSocials, courtes vid\u00e9os sur les fonctions naturelles<br> N17 : DamagePrevent, mesures pr\u00e9ventives pour la nature et la sant\u00e9<br> N18 : NatureProm, promotion des subventions pour les mesures de conservation de la nature<br> N19 : NatureKnowledge, diffusion de l&#039;utilisation des technologies pour la conservation et l&#039;am\u00e9lioration de la nature<br> N20 : Greenview, vivre avec vue sur la nature<br> N21 : \u00c9coespace : fournir un espace de vie suffisant aux autres animaux<br> N22 : \u00ab Centres r\u00e9gionaux de la cha\u00eene de valeur des plastiques \u00bb, cr\u00e9ation de centres internationaux de transformation des plastiques<br> N23 : For\u00eat d&#039;accueil ; For\u00eat scolaire ; For\u00eat de travail ; For\u00eat de bureau ; For\u00eat d&#039;usine, d\u00e9veloppement des jeunes pour l&#039;int\u00e9gration g\u00e9n\u00e9rale des espaces verts<br> N24 : EnergyPlusWater, approvisionnement local (d&#039;urgence) en \u00e9nergie et en eau<br> N25 : Aquasavings, des garanties pour l&#039;eau potable produite<br> N26 : StopAtmocide, prot\u00e9ger l&#039;atmosph\u00e8re des d\u00e9bris spatiaux\n&nbsp; <br><\/span>\n        <\/p>\n      <\/div>\n    <\/section>","protected":false},"excerpt":{"rendered":"<p>&nbsp; Innovations&nbsp; Innovation list, available in detail for approved partners, such as sister foundations: N1: Bee Hills, improving local biodiversity N2: Energy Food Forest, triple land use N3: Ecocorridor, protected nature reserves, often along waterways N4: SolarConvect, solar ventilation of buildings N5: Dry Roof, solar drying of container contents N6: Brace Roof, integrated solar building &hellip; <a href=\"https:\/\/natureforlife.org\/fr\/innovations\/\" class=\"more-link\">continuer la lecture<span class=\"screen-reader-text\"> &#8220;Innovations&#8221;<\/span><\/a><\/p>","protected":false},"author":1,"featured_media":0,"parent":0,"menu_order":0,"comment_status":"closed","ping_status":"closed","template":"","meta":{"footnotes":""},"class_list":["post-480","page","type-page","status-publish","hentry"],"_links":{"self":[{"href":"https:\/\/natureforlife.org\/fr\/wp-json\/wp\/v2\/pages\/480","targetHints":{"allow":["GET"]}}],"collection":[{"href":"https:\/\/natureforlife.org\/fr\/wp-json\/wp\/v2\/pages"}],"about":[{"href":"https:\/\/natureforlife.org\/fr\/wp-json\/wp\/v2\/types\/page"}],"author":[{"embeddable":true,"href":"https:\/\/natureforlife.org\/fr\/wp-json\/wp\/v2\/users\/1"}],"replies":[{"embeddable":true,"href":"https:\/\/natureforlife.org\/fr\/wp-json\/wp\/v2\/comments?post=480"}],"version-history":[{"count":4,"href":"https:\/\/natureforlife.org\/fr\/wp-json\/wp\/v2\/pages\/480\/revisions"}],"predecessor-version":[{"id":489,"href":"https:\/\/natureforlife.org\/fr\/wp-json\/wp\/v2\/pages\/480\/revisions\/489"}],"wp:attachment":[{"href":"https:\/\/natureforlife.org\/fr\/wp-json\/wp\/v2\/media?parent=480"}],"curies":[{"name":"wp","href":"https:\/\/api.w.org\/{rel}","templated":true}]}}