{"id":382,"date":"2023-01-30T17:45:58","date_gmt":"2023-01-30T17:45:58","guid":{"rendered":"https:\/\/natureforlife.org\/mission\/"},"modified":"2025-08-14T18:37:52","modified_gmt":"2025-08-14T18:37:52","slug":"vision","status":"publish","type":"page","link":"https:\/\/natureforlife.org\/fr\/vision\/","title":{"rendered":"Vision"},"content":{"rendered":"<section class=\"u-black u-clearfix u-section-2\" id=\"sec-8f1b\">\n      <div class=\"u-clearfix u-sheet u-sheet-1\">\n        <h1 class=\"u-text u-text-default u-text-palette-5-base u-text-1\">Vision<\/h1>\n        <img decoding=\"async\" class=\"u-expanded-width u-image u-image-default u-image-1\" src=\"https:\/\/natureforlife.org\/wp-content\/uploads\/2023\/01\/Screenshot2022-03-14at15-20-01Missie-6.png\" alt=\"\" data-image-width=\"970\" data-image-height=\"95\">\n        <p class=\"u-text u-text-default u-text-palette-3-base u-text-2\">Vision <br>\n          <br>Depuis que la vie a commenc\u00e9 \u00e0 se d\u00e9velopper sur terre, le nombre de formes de vie n&#039;a cess\u00e9 d&#039;augmenter. Cette augmentation a conduit \u00e0 l&#039;impressionnante multiplicit\u00e9 actuelle d&#039;organismes unicellulaires, de plantes et d&#039;animaux, qui sont si importants pour nous aujourd&#039;hui. Cette richesse d&#039;esp\u00e8ces, \u00e9galement appel\u00e9e biodiversit\u00e9, sert \u00e0 amortir la r\u00e9action de notre terre aux changements soudains de l&#039;environnement. <br>\n          <br>Les humains ont commenc\u00e9 \u00e0 bouleverser cet \u00e9quilibre \u00e0 grande \u00e9chelle avec la r\u00e9volution industrielle. Cependant, nous b\u00e9n\u00e9ficions grandement de toute la diversit\u00e9 de la nature. Pensez simplement \u00e0 la purification de l&#039;eau, \u00e0 la production alimentaire, \u00e0 l&#039;absorption de CO2, \u00e0 la production de m\u00e9dicaments, au traitement des d\u00e9chets et aux loisirs. De plus, la biodiversit\u00e9 s&#039;est av\u00e9r\u00e9e une arme astucieuse contre les changements climatiques rapides. <br>\n          <br>La &quot;Nature for Life Foundation&quot; vise \u00e0 attirer l&#039;attention des citoyens, des politiciens et des entrepreneurs sur l&#039;importance de la biodiversit\u00e9, en utilisant un langage simple et des exemples imaginatifs. \n        <\/p>\n      <\/div>\n    <\/section>","protected":false},"excerpt":{"rendered":"<p>Vision Vision Depuis que la vie a commenc\u00e9 \u00e0 se d\u00e9velopper sur Terre, le nombre de formes de vie n&#039;a cess\u00e9 d&#039;augmenter. Cette augmentation a conduit \u00e0 l&#039;impressionnante multiplicit\u00e9 actuelle d&#039;organismes unicellulaires, de plantes et d&#039;animaux, qui sont si importants pour nous aujourd&#039;hui. Cette richesse d&#039;esp\u00e8ces, aussi appel\u00e9e biodiversit\u00e9, sert \u00e0 amortir les r\u00e9actions de notre Terre aux changements soudains\u2026 <a href=\"https:\/\/natureforlife.org\/fr\/vision\/\" class=\"more-link\">continuer la lecture<span class=\"screen-reader-text\"> &quot;Vision&quot;<\/span><\/a><\/p>","protected":false},"author":1,"featured_media":0,"parent":0,"menu_order":11,"comment_status":"closed","ping_status":"closed","template":"","meta":{"footnotes":""},"class_list":["post-382","page","type-page","status-publish","hentry"],"_links":{"self":[{"href":"https:\/\/natureforlife.org\/fr\/wp-json\/wp\/v2\/pages\/382","targetHints":{"allow":["GET"]}}],"collection":[{"href":"https:\/\/natureforlife.org\/fr\/wp-json\/wp\/v2\/pages"}],"about":[{"href":"https:\/\/natureforlife.org\/fr\/wp-json\/wp\/v2\/types\/page"}],"author":[{"embeddable":true,"href":"https:\/\/natureforlife.org\/fr\/wp-json\/wp\/v2\/users\/1"}],"replies":[{"embeddable":true,"href":"https:\/\/natureforlife.org\/fr\/wp-json\/wp\/v2\/comments?post=382"}],"version-history":[{"count":3,"href":"https:\/\/natureforlife.org\/fr\/wp-json\/wp\/v2\/pages\/382\/revisions"}],"predecessor-version":[{"id":471,"href":"https:\/\/natureforlife.org\/fr\/wp-json\/wp\/v2\/pages\/382\/revisions\/471"}],"wp:attachment":[{"href":"https:\/\/natureforlife.org\/fr\/wp-json\/wp\/v2\/media?parent=382"}],"curies":[{"name":"wp","href":"https:\/\/api.w.org\/{rel}","templated":true}]}}