{"id":378,"date":"2023-01-30T17:45:54","date_gmt":"2023-01-30T17:45:54","guid":{"rendered":"https:\/\/natureforlife.org\/links\/"},"modified":"2025-02-17T14:53:13","modified_gmt":"2025-02-17T14:53:13","slug":"links","status":"publish","type":"page","link":"https:\/\/natureforlife.org\/fr\/links\/","title":{"rendered":"Liens"},"content":{"rendered":"<section class=\"u-black u-clearfix u-section-1\" id=\"sec-f733\">\n      <div class=\"u-clearfix u-sheet u-sheet-1\">\n        <h1 class=\"u-text u-text-default u-text-palette-5-base u-text-1\">Liens<\/h1>\n        <p class=\"u-text u-text-palette-3-base u-text-2\"> Certains liens ne sont pas disponibles en anglais. En raison de la haute qualit\u00e9 de leur contenu, nous aimons toujours les partager avec vous. Veuillez utiliser &quot;google translate&quot; pour voir le contenu dans votre langue pr\u00e9f\u00e9r\u00e9e.&nbsp;<br>\n          <br>&nbsp;* <a href=\"http:\/\/www.hetkanwel.nl\" class=\"u-active-none u-border-none u-btn u-button-style u-hover-none u-none u-text-palette-1-base u-btn-1\">www.hetkanwel.nl<\/a>&nbsp;(un site Web prim\u00e9 sur les id\u00e9es, comme la fa\u00e7on d&#039;utiliser des m\u00e9thodes durables dans la vie quotidienne)<br>&nbsp;* <a href=\"http:\/\/www.zeewierwijzer.com\" class=\"u-active-none u-border-none u-btn u-button-style u-hover-none u-none u-text-palette-1-base u-btn-2\">www.zeewierwijzer.com<\/a>&nbsp;(comment utiliser les algues pour composer nos repas sains ?)&nbsp;<br>&nbsp;* <a href=\"http:\/\/www.ecodorpboekel.nl\" class=\"u-active-none u-border-none u-btn u-button-style u-hover-none u-none u-text-palette-1-base u-btn-3\">www.ecodorpboekel.nl<\/a>&nbsp;(un &quot;\u00e9covillage&quot; exp\u00e9rimental)&nbsp;&nbsp;\n        <\/p>\n      <\/div>\n    <\/section>","protected":false},"excerpt":{"rendered":"<p>Liens Certains liens ne sont pas disponibles en anglais. En raison de la haute qualit\u00e9 de leur contenu, nous aimons toujours les partager avec vous. Veuillez utiliser &quot;google translate&quot; pour voir le contenu dans votre langue pr\u00e9f\u00e9r\u00e9e. * www.hetkanwel.nl (un site Web prim\u00e9 sur les id\u00e9es, comment utiliser des m\u00e9thodes durables dans la vie quotidienne) * www.zeewierwijzer.com (comment \u2026 <a href=\"https:\/\/natureforlife.org\/fr\/links\/\" class=\"more-link\">continuer la lecture<span class=\"screen-reader-text\"> &quot;Liens&quot;<\/span><\/a><\/p>","protected":false},"author":1,"featured_media":0,"parent":0,"menu_order":7,"comment_status":"closed","ping_status":"closed","template":"","meta":{"footnotes":""},"class_list":["post-378","page","type-page","status-publish","hentry"],"_links":{"self":[{"href":"https:\/\/natureforlife.org\/fr\/wp-json\/wp\/v2\/pages\/378","targetHints":{"allow":["GET"]}}],"collection":[{"href":"https:\/\/natureforlife.org\/fr\/wp-json\/wp\/v2\/pages"}],"about":[{"href":"https:\/\/natureforlife.org\/fr\/wp-json\/wp\/v2\/types\/page"}],"author":[{"embeddable":true,"href":"https:\/\/natureforlife.org\/fr\/wp-json\/wp\/v2\/users\/1"}],"replies":[{"embeddable":true,"href":"https:\/\/natureforlife.org\/fr\/wp-json\/wp\/v2\/comments?post=378"}],"version-history":[{"count":1,"href":"https:\/\/natureforlife.org\/fr\/wp-json\/wp\/v2\/pages\/378\/revisions"}],"predecessor-version":[{"id":390,"href":"https:\/\/natureforlife.org\/fr\/wp-json\/wp\/v2\/pages\/378\/revisions\/390"}],"wp:attachment":[{"href":"https:\/\/natureforlife.org\/fr\/wp-json\/wp\/v2\/media?parent=378"}],"curies":[{"name":"wp","href":"https:\/\/api.w.org\/{rel}","templated":true}]}}