{"id":377,"date":"2023-01-30T17:45:53","date_gmt":"2023-01-30T17:45:53","guid":{"rendered":"https:\/\/natureforlife.org\/contacts\/"},"modified":"2025-02-17T14:53:13","modified_gmt":"2025-02-17T14:53:13","slug":"contacts","status":"publish","type":"page","link":"https:\/\/natureforlife.org\/fr\/contacts\/","title":{"rendered":"Contacts"},"content":{"rendered":"<section class=\"u-black u-clearfix u-section-2\" id=\"sec-f733\">\n      <div class=\"u-clearfix u-sheet u-sheet-1\">\n        <h1 class=\"u-text u-text-default u-text-palette-5-base u-text-1\">Contacts<\/h1>\n        <img decoding=\"async\" class=\"u-image u-image-default u-image-1\" src=\"https:\/\/natureforlife.org\/wp-content\/uploads\/2023\/01\/contact1-6.jpg\" alt=\"\" data-image-width=\"317\" data-image-height=\"200\">\n        <p class=\"u-text u-text-palette-3-base u-text-2\"> Contacts\/Communication\u00a0: &nbsp; &nbsp;<br>\n          <br>L&#039;actualit\u00e9 du Web :&nbsp;<a href=\"http:\/\/www.facebook.com\/natureforlifefoundation\" class=\"u-active-none u-border-none u-btn u-button-style u-hover-none u-none u-text-palette-1-base u-btn-1\">www.facebook.com\/natureforlifefoundation<\/a>&nbsp;&nbsp;<br>E-mail:&nbsp;<a href=\"mailto:info@natureforlife.org\" class=\"u-active-none u-border-none u-btn u-button-style u-hover-none u-none u-text-palette-1-base u-btn-2\">info@natureforlife.org<\/a>&nbsp; &nbsp;&nbsp;<br>\n          <br>Poste\u00a0: Fondation Nature for Life, Grotestraat 154A, 5141HC Waalwijk, Pays-Bas&nbsp; &nbsp;<br>\n          <br>Visites : Veuillez consulter notre adresse ici avant, mais prenez toujours rendez-vous.&nbsp;<br>Transports publics : depuis les gares Den Bosch ou Tilburg, bus jusqu&#039;\u00e0 la \u00ab gare routi\u00e8re \u00bb de Waalwijk puis 10 minutes \u00e0 pied.&nbsp; &nbsp;<br>\n          <br>T\u00e9l\u00e9phone : +31 682 008 054 (\u00e9galement WhatsApp) \n        <\/p>\n      <\/div>\n    <\/section>","protected":false},"excerpt":{"rendered":"<p>Contacts Contacts\/Communication : Actualit\u00e9s Web : www.facebook.com\/natureforlifefoundation Email : info@natureforlife.org Poste : Fondation Nature for Life, Grotestraat 154A, 5141HC Waalwijk, Pays-Bas Visites : Veuillez consulter notre adresse ici avant, mais prenez toujours rendez-vous . Transports publics : depuis les gares Den Bosch ou Tilburg, bus jusqu&#039;\u00e0 la \u00ab gare routi\u00e8re \u00bb de Waalwijk puis 10 minutes \u00e0 pied.  T\u00e9l\u00e9phone : +31 682 008 054 (\u00e9galement WhatsApp)<\/p>","protected":false},"author":1,"featured_media":0,"parent":0,"menu_order":6,"comment_status":"closed","ping_status":"closed","template":"","meta":{"footnotes":""},"class_list":["post-377","page","type-page","status-publish","hentry"],"_links":{"self":[{"href":"https:\/\/natureforlife.org\/fr\/wp-json\/wp\/v2\/pages\/377","targetHints":{"allow":["GET"]}}],"collection":[{"href":"https:\/\/natureforlife.org\/fr\/wp-json\/wp\/v2\/pages"}],"about":[{"href":"https:\/\/natureforlife.org\/fr\/wp-json\/wp\/v2\/types\/page"}],"author":[{"embeddable":true,"href":"https:\/\/natureforlife.org\/fr\/wp-json\/wp\/v2\/users\/1"}],"replies":[{"embeddable":true,"href":"https:\/\/natureforlife.org\/fr\/wp-json\/wp\/v2\/comments?post=377"}],"version-history":[{"count":2,"href":"https:\/\/natureforlife.org\/fr\/wp-json\/wp\/v2\/pages\/377\/revisions"}],"predecessor-version":[{"id":435,"href":"https:\/\/natureforlife.org\/fr\/wp-json\/wp\/v2\/pages\/377\/revisions\/435"}],"wp:attachment":[{"href":"https:\/\/natureforlife.org\/fr\/wp-json\/wp\/v2\/media?parent=377"}],"curies":[{"name":"wp","href":"https:\/\/api.w.org\/{rel}","templated":true}]}}