{"id":375,"date":"2023-01-30T17:45:51","date_gmt":"2023-01-30T17:45:51","guid":{"rendered":"https:\/\/natureforlife.org\/policy-priorities-and-actions\/"},"modified":"2025-08-14T09:19:36","modified_gmt":"2025-08-14T09:19:36","slug":"policy-priorities-and-actions","status":"publish","type":"page","link":"https:\/\/natureforlife.org\/fr\/policy-priorities-and-actions\/","title":{"rendered":"Priorit\u00e9s politiques et actions"},"content":{"rendered":"<section class=\"u-black u-clearfix u-section-2\" id=\"sec-f733\">\n      <div class=\"u-clearfix u-sheet u-sheet-1\">\n        <h1 class=\"u-text u-text-default u-text-palette-5-base u-text-1\">Politique, priorit\u00e9s et actions<\/h1>\n        <img decoding=\"async\" class=\"u-image u-image-default u-image-1\" src=\"https:\/\/natureforlife.org\/wp-content\/uploads\/2023\/01\/priorities1-large-6.jpg\" alt=\"\" data-image-width=\"490\" data-image-height=\"330\">\n        <p class=\"u-text u-text-palette-3-base u-text-2\"> Plan strat\u00e9gique 2025<br>\n          <br>1. Politique<br>\n          <br> Nature for Life met l&#039;accent sur l&#039;importance d&#039;une nature saine pour notre vie quotidienne, principalement sur les jeunes du monde entier, en tant qu&#039;\u00e9lecteurs dans un syst\u00e8me d\u00e9mocratique et futurs innovateurs.<br>\n          <br>2. Priorit\u00e9s&nbsp;<br>\n          <br>2.2. Concevoir et produire \u00e0 l&#039;\u00e9chelle internationale de courtes vid\u00e9os Internet avec une couverture humoristique et un noyau s\u00e9rieux sur les \u00ab fonctions de la nature \u00bb pour devenir virales aupr\u00e8s des jeunes&nbsp;<br>\n          <br>2.3. Les \u00ab fonctions de la nature \u00bb, \u00e9galement appel\u00e9es \u00ab services \u00e9cosyst\u00e9miques \u00bb, doivent \u00eatre mieux valoris\u00e9es : a. L&#039;eau B. Nourriture c. Climat d. \u00c9nergie e. Sant\u00e9&nbsp;<br>\n          <br>2.4. Plusieurs fondations s\u0153urs ind\u00e9pendantes sont en passe de devenir une Nature for Life nationale : m\u00eame nom, mission, logo, mais ind\u00e9pendantes dans la mise en \u0153uvre et les finances.&nbsp;<br>\n          <br>2.5. Plus de 20 innovations dans les domaines du point 2.3 sont en cours de d\u00e9veloppement et les r\u00e9sultats seront partag\u00e9s au niveau international avec les fondations s\u0153urs.&nbsp;<br>\n          <br>3. Mesures&nbsp;<br>\n          <br>3.1. Trouver les meilleurs producteurs de courtes vid\u00e9os Internet &quot;virales&quot;&nbsp;<br>\n          <br>3.2. Remplacement du charbon de bois pour la pr\u00e9paration des repas par diverses autres techniques, par exemple des techniques de fermentation, de chauffage solaire, par micro-ondes et par induction.&nbsp;<br>\n          <br>3.3. Des pratiques d&#039;utilisation des terres multiples et \u00e9volutives de mani\u00e8re lin\u00e9aire, telles que la for\u00eat \u00e9nerg\u00e9tique et alimentaire (EFF), o\u00f9 la production d&#039;\u00e9nergie solaire peut \u00eatre combin\u00e9e avec des cultures vivri\u00e8res riches en biodiversit\u00e9 et la collecte, le stockage et l&#039;irrigation de l&#039;eau de pluie.&nbsp;<br>\n          <br>3.4. Installer les premi\u00e8res \u00ab Bee Hills \u00bb en milieu urbain pour augmenter la biodiversit\u00e9 locale&nbsp;<br>\n          <br>3.5. R&amp;D sur les m\u00e9thodes de captage et de stockage de la chaleur r\u00e9siduelle et du CO2 des moteurs thermiques&nbsp;<br>\n          <br>3.6. Soutenir les fondations s\u0153urs dans la mise en place des premiers projets possibles, comme un \u00ab \u00e9co-couloirs \u00bb autour d&#039;une rivi\u00e8re pollu\u00e9e pour nos \u00ab s\u0153urs pilotes \u00bb en Gambie et \u00e0 Madagascar&nbsp;<br>\n          <br>3.7. Soutenir les fondations s\u0153urs dans leurs probl\u00e8mes nationaux li\u00e9s aux d\u00e9chets plastiques, en visant les infrastructures et le fractionnement.&nbsp;<br>\n          <br>3.8. L&#039;\u00ab\u00a0\u00e9cocide\u00a0\u00bb est la destruction g\u00e9n\u00e9ralis\u00e9e des \u00e9cosyst\u00e8mes, g\u00e9n\u00e9ralement au profit d&#039;int\u00e9r\u00eats priv\u00e9s. Nature for Life soutient les actions qui garantissent que l&#039;\u00e9cocide soit reconnu comme un crime international formel dans le Statut de Rome de la Cour p\u00e9nale internationale (CPI)<br>\n          <br>3.9. D\u00e9veloppement du \u00ab DrinkingTrain \u00bb, un syst\u00e8me de production d&#039;eau potable ind\u00e9pendant en \u00e9nergie <br>\n        <\/p>\n      <\/div>\n    <\/section>","protected":false},"excerpt":{"rendered":"<p>Policy, Priorities and Actions Strategy plan 2025 1. Policy Nature for Life focuses the importance of healthy nature for our daily lives mainly on young people worldwide, as an electorate in a democratic system and future innovators 2. Priorities&nbsp; 2.2. Internationally designing and producing short internet videos with a humorous cover and a serious core &hellip; <a href=\"https:\/\/natureforlife.org\/fr\/policy-priorities-and-actions\/\" class=\"more-link\">continuer la lecture<span class=\"screen-reader-text\"> \u00ab\u00a0Priorit\u00e9s politiques et actions\u00a0\u00bb<\/span><\/a><\/p>","protected":false},"author":1,"featured_media":0,"parent":0,"menu_order":4,"comment_status":"closed","ping_status":"closed","template":"","meta":{"footnotes":""},"class_list":["post-375","page","type-page","status-publish","hentry"],"_links":{"self":[{"href":"https:\/\/natureforlife.org\/fr\/wp-json\/wp\/v2\/pages\/375","targetHints":{"allow":["GET"]}}],"collection":[{"href":"https:\/\/natureforlife.org\/fr\/wp-json\/wp\/v2\/pages"}],"about":[{"href":"https:\/\/natureforlife.org\/fr\/wp-json\/wp\/v2\/types\/page"}],"author":[{"embeddable":true,"href":"https:\/\/natureforlife.org\/fr\/wp-json\/wp\/v2\/users\/1"}],"replies":[{"embeddable":true,"href":"https:\/\/natureforlife.org\/fr\/wp-json\/wp\/v2\/comments?post=375"}],"version-history":[{"count":7,"href":"https:\/\/natureforlife.org\/fr\/wp-json\/wp\/v2\/pages\/375\/revisions"}],"predecessor-version":[{"id":475,"href":"https:\/\/natureforlife.org\/fr\/wp-json\/wp\/v2\/pages\/375\/revisions\/475"}],"wp:attachment":[{"href":"https:\/\/natureforlife.org\/fr\/wp-json\/wp\/v2\/media?parent=375"}],"curies":[{"name":"wp","href":"https:\/\/api.w.org\/{rel}","templated":true}]}}