{"id":374,"date":"2023-01-30T17:45:50","date_gmt":"2023-01-30T17:45:50","guid":{"rendered":"https:\/\/natureforlife.org\/support-us\/"},"modified":"2025-02-17T14:53:13","modified_gmt":"2025-02-17T14:53:13","slug":"support-us","status":"publish","type":"page","link":"https:\/\/natureforlife.org\/fr\/support-us\/","title":{"rendered":"Soutenez-nous"},"content":{"rendered":"<section class=\"u-black u-clearfix u-section-2\" id=\"sec-f733\">\n      <div class=\"u-clearfix u-sheet u-sheet-1\">\n        <h1 class=\"u-text u-text-default u-text-palette-5-base u-text-1\">Soutenez-nous<\/h1>\n        <p class=\"u-text u-text-palette-3-base u-text-2\"><b>Nous soutenir ?<\/b>\n          <br>\n          <br>Notre objectif est la diffusion des connaissances sur les fonctions et les valeurs de la nature non perturb\u00e9e (\u00e9galement appel\u00e9e biodiversit\u00e9 ou services \u00e9cologiques) pour nos g\u00e9n\u00e9rations r\u00e9centes et futures. Voir notre \u00ab Mission \u00bb pour une description plus d\u00e9taill\u00e9e.<br>\n          <br>En raison de la nature de la fondation (une fondation ANBI fiscale avec notre enregistrement aux Pays-Bas), nous avons sign\u00e9 l&#039;obligation de publier nos \u00e9tats financiers sur ce site Web apr\u00e8s chaque ann\u00e9e civile - la premi\u00e8re fois pour l&#039;exercice 2017 d\u00e8s que nous avons atteint le niveau financier de notre obligation principale dans le plan strat\u00e9gique actuel.<br>\n          <br>Nous avons besoin d&#039;un revenu r\u00e9gulier pour nos activit\u00e9s. Vous pouvez soutenir par :<br>&nbsp;1 Mentionner notre nom dans votre dernier testament (Testament)<br>&nbsp;2 Virement d&#039;un petit paiement r\u00e9gulier sur notre compte (voir ci-dessous)<br>&nbsp;3 Partager nos activit\u00e9s via les m\u00e9dias sociaux. Veuillez noter que notre mission est disponible en 13 langues, \u00e0 choisir sur la page d&#039;accueil de ce site<br>&nbsp;4 Sponsoring direct d&#039;une de nos futures activit\u00e9s, comme un congr\u00e8s<br>\n          <br>Les dons sont les bienvenus : veuillez nous contacter \u00e0 info@natureforlife.org ou veuillez transf\u00e9rer vos dons \u00e0 :<br>Fondation Stichting Nature for Life, Grotestraat 154a, 5141HC Waalwijk, Pays-Bas<br>Banque Triodos, code BIC\/Swift : TRIONL2u. IBAN : NL50 TRIO 0320 8742 65<br>\n          <br>Coordonn\u00e9es de la fondation : Num\u00e9ro de chambre de commerce 66349575 Num\u00e9ro fiscal 856506722<br>\n          <br>Merci beaucoup pour votre soutien ! \n        <\/p>\n      <\/div>\n    <\/section>","protected":false},"excerpt":{"rendered":"<p>Soutenez-nous Soutenez-nous ? Notre objectif est la diffusion de connaissances sur les fonctions et les valeurs d&#039;une nature intacte (\u00e9galement appel\u00e9e biodiversit\u00e9 ou services \u00e9cologiques) pour nos g\u00e9n\u00e9rations r\u00e9centes et futures. Voir notre \u00ab Mission \u00bb pour une description plus d\u00e9taill\u00e9e. En raison de la nature de la fondation (une fondation fiscale ANBI avec notre enregistrement au \u2026 <a href=\"https:\/\/natureforlife.org\/fr\/support-us\/\" class=\"more-link\">continuer la lecture<span class=\"screen-reader-text\"> \u00ab Soutenez-nous \u00bb<\/span><\/a><\/p>","protected":false},"author":1,"featured_media":0,"parent":0,"menu_order":3,"comment_status":"closed","ping_status":"closed","template":"","meta":{"footnotes":""},"class_list":["post-374","page","type-page","status-publish","hentry"],"_links":{"self":[{"href":"https:\/\/natureforlife.org\/fr\/wp-json\/wp\/v2\/pages\/374","targetHints":{"allow":["GET"]}}],"collection":[{"href":"https:\/\/natureforlife.org\/fr\/wp-json\/wp\/v2\/pages"}],"about":[{"href":"https:\/\/natureforlife.org\/fr\/wp-json\/wp\/v2\/types\/page"}],"author":[{"embeddable":true,"href":"https:\/\/natureforlife.org\/fr\/wp-json\/wp\/v2\/users\/1"}],"replies":[{"embeddable":true,"href":"https:\/\/natureforlife.org\/fr\/wp-json\/wp\/v2\/comments?post=374"}],"version-history":[{"count":3,"href":"https:\/\/natureforlife.org\/fr\/wp-json\/wp\/v2\/pages\/374\/revisions"}],"predecessor-version":[{"id":452,"href":"https:\/\/natureforlife.org\/fr\/wp-json\/wp\/v2\/pages\/374\/revisions\/452"}],"wp:attachment":[{"href":"https:\/\/natureforlife.org\/fr\/wp-json\/wp\/v2\/media?parent=374"}],"curies":[{"name":"wp","href":"https:\/\/api.w.org\/{rel}","templated":true}]}}