{"id":372,"date":"2023-01-30T17:45:48","date_gmt":"2023-01-30T17:45:48","guid":{"rendered":"https:\/\/natureforlife.org\/partners\/"},"modified":"2025-02-17T14:53:13","modified_gmt":"2025-02-17T14:53:13","slug":"partners","status":"publish","type":"page","link":"https:\/\/natureforlife.org\/fr\/partners\/","title":{"rendered":"Les partenaires"},"content":{"rendered":"<section class=\"u-black u-clearfix u-section-1\" id=\"sec-f733\">\n      <div class=\"u-clearfix u-sheet u-sheet-1\">\n        <h1 class=\"u-text u-text-default u-text-palette-5-base u-text-1\">Les partenaires<\/h1>\n        <p class=\"u-text u-text-palette-3-base u-text-2\"><b>Les partenaires<\/b>&nbsp; &nbsp;<br>\n          <br>Il peut \u00eatre clair que nous ne pouvons pas atteindre nos objectifs tout seuls. C&#039;est pourquoi nous sommes heureux de mentionner quelques partenaires, qui nous ont soutenus depuis le d\u00e9but. Par exemple:<br>\n          <br>&nbsp;\n- Fondation Parkpaviljoen, Waalwijk, Pays-Bas,<i> voisins (<a href=\"http:\/\/www.parkpaviljoenwaalwijk.nl\" class=\"u-active-none u-border-none u-btn u-button-style u-hover-none u-none u-text-palette-1-base u-btn-1\">www.parkpaviljoenwaalwijk.nl<\/a>)<\/i>\n          <br>\n          <br>&nbsp;&nbsp;<i>-<\/i> Fondation Wandelpark, Waalwijk, Pays-Bas,<i> voisins (<a href=\"http:\/\/wandelparkwaalwijk.nl\/\" class=\"u-active-none u-border-none u-btn u-button-style u-hover-none u-none u-text-palette-1-base u-btn-2\">http:\/\/wandelparkwaalwijk.nl\/<\/a>)<\/i>\n          <br>&nbsp;<br>&nbsp; - Meewis Notarissen, Waalwijk, Pays-Bas (<a href=\"http:\/\/www.meewisnotarissen.nl\/\" class=\"u-active-none u-border-none u-btn u-button-style u-hover-none u-none u-text-palette-1-base u-btn-3\">http:\/\/www.meewisnotarissen.nl\/<\/a>)<br>\n          <br>&nbsp; - Hortus Botanicus, Amsterdam, Pays-Bas (<a href=\"https:\/\/www.dehortus.nl\/\" class=\"u-active-none u-border-none u-btn u-button-style u-hover-none u-none u-text-palette-1-base u-btn-4\">https:\/\/www.dehortus.nl\/<\/a>) <i><\/i>&nbsp;&nbsp;<br>\n          <br>D&#039;ailleurs nous avons <b>b\u00e9n\u00e9voles<\/b>, nous aidant avec des activit\u00e9s et des conseils. Sans eux, nous ne pourrions pas exister. Nous sommes tr\u00e8s reconnaissants \u00e0 tous pour leur contribution.\n        <\/p>\n      <\/div>\n    <\/section>","protected":false},"excerpt":{"rendered":"<p>Partenaires Partenaires Il est peut-\u00eatre clair que nous ne pouvons pas atteindre nos objectifs seuls. Nous avons donc le plaisir de citer quelques partenaires qui nous soutiennent depuis le d\u00e9but. Par exemple : \u2013 Fondation Parkpaviljoen, Waalwijk, Pays-Bas, voisins (www.parkpaviljoenwaalwijk.nl) \u2013 Fondation Wandelpark, Waalwijk, Pays-Bas, voisins (http:\/\/wandelparkwaalwijk.nl\/) \u2013 Meewis Notarissen, Waalwijk, Pays-Bas (http:\/\/ www.meewisnotarissen.nl\/) \u2013 \u2026 <a href=\"https:\/\/natureforlife.org\/fr\/partners\/\" class=\"more-link\">continuer la lecture<span class=\"screen-reader-text\"> &quot;Les partenaires&quot;<\/span><\/a><\/p>","protected":false},"author":1,"featured_media":0,"parent":0,"menu_order":1,"comment_status":"closed","ping_status":"closed","template":"","meta":{"footnotes":""},"class_list":["post-372","page","type-page","status-publish","hentry"],"_links":{"self":[{"href":"https:\/\/natureforlife.org\/fr\/wp-json\/wp\/v2\/pages\/372","targetHints":{"allow":["GET"]}}],"collection":[{"href":"https:\/\/natureforlife.org\/fr\/wp-json\/wp\/v2\/pages"}],"about":[{"href":"https:\/\/natureforlife.org\/fr\/wp-json\/wp\/v2\/types\/page"}],"author":[{"embeddable":true,"href":"https:\/\/natureforlife.org\/fr\/wp-json\/wp\/v2\/users\/1"}],"replies":[{"embeddable":true,"href":"https:\/\/natureforlife.org\/fr\/wp-json\/wp\/v2\/comments?post=372"}],"version-history":[{"count":1,"href":"https:\/\/natureforlife.org\/fr\/wp-json\/wp\/v2\/pages\/372\/revisions"}],"predecessor-version":[{"id":384,"href":"https:\/\/natureforlife.org\/fr\/wp-json\/wp\/v2\/pages\/372\/revisions\/384"}],"wp:attachment":[{"href":"https:\/\/natureforlife.org\/fr\/wp-json\/wp\/v2\/media?parent=372"}],"curies":[{"name":"wp","href":"https:\/\/api.w.org\/{rel}","templated":true}]}}