{"id":480,"date":"2025-08-31T04:42:14","date_gmt":"2025-08-31T04:42:14","guid":{"rendered":"https:\/\/natureforlife.org\/?page_id=480"},"modified":"2025-12-10T15:19:18","modified_gmt":"2025-12-10T15:19:18","slug":"innovations","status":"publish","type":"page","link":"https:\/\/natureforlife.org\/es\/innovations\/","title":{"rendered":"Innovaciones"},"content":{"rendered":"<section class=\"u-clearfix u-section-2\" id=\"block-1\">\n      <div class=\"u-clearfix u-sheet u-sheet-1\">\n        <p class=\"u-text u-text-default u-text-1\"><span class=\"u-text-palette-3-base\"> &nbsp;<span style=\"font-size: 1.875rem;\"> Innovaciones&nbsp;<\/span>\n            <br><\/span><span class=\"u-text-palette-3-base\"><\/span><span class=\"u-text-palette-3-base\">\n            <br><\/span><span class=\"u-text-palette-3-base\">\n            <br> Lista de innovaciones, disponible en detalle para socios aprobados, como fundaciones hermanas:<br>\n            <br> N1: Bee Hills, mejorando la biodiversidad local<br> N2: Bosque de alimentos energ\u00e9ticos, triple uso de la tierra<br> N3: Ecocorredor, reservas naturales protegidas, a menudo a lo largo de v\u00edas fluviales<br> N4: SolarConvect, ventilaci\u00f3n solar de edificios<br> N5: Techo seco, secado solar del contenido de los contenedores<br> N6: Techo de refuerzo, ventilaci\u00f3n solar integrada del edificio<br> N7: Zonzenden, preparaci\u00f3n de comidas sin CO2<br> N8: Flexidome, viviendas resistentes a ciclones<br> N9: Variweir, desag\u00fce y rebosadero regulables<br> N10: Trampa de CO2, captura el CO2 de los motores de combusti\u00f3n<br> N11: Trampa de calor, captura el calor \u00fatil de los motores de combusti\u00f3n.<br> N12: Solprep, el horno termosolar regulable para preparar comidas<br> N13: Ferfood, desarrollando prote\u00ednas vegetales saludables&nbsp;<br>N14: Productos propios, producci\u00f3n de alimentos de cosecha propia\/evitando el transporte de larga distancia<br> N15: SpecObserve, control de la biodiversidad a\u00e9rea<br> N16: NatureSocials, v\u00eddeos cortos sobre las funciones naturales<br> N17: DamagePrevent, medidas preventivas para la naturaleza y la salud<br> N18: NatureProm, promoviendo subvenciones para medidas de conservaci\u00f3n de la naturaleza<br> N19: NatureKnowledge, difundiendo el uso de la tecnolog\u00eda para la conservaci\u00f3n y mejora de la naturaleza<br> N20: Greenview, vivir con vistas a la naturaleza<br> N21: Ecoespacio: proporcionar suficiente espacio vital para otros animales<br> N22: &quot;Centros regionales de la cadena de valor de los pl\u00e1sticos&quot;, estableciendo centros internacionales para el procesamiento de pl\u00e1sticos<br> N23: Bosque dom\u00e9stico; Bosque escolar; Bosque de trabajo; Bosque de oficina; Bosque de f\u00e1brica, desarrollo juvenil para la integraci\u00f3n general de espacios verdes<br> N24: EnergyPlusWater, suministro local de energ\u00eda y agua (de emergencia)<br> N25: Aquasavings, salvaguardas para el agua potable producida<br> N26: StopAtmocide, protegiendo la atm\u00f3sfera de los desechos espaciales\n&nbsp; <br><\/span>\n        <\/p>\n      <\/div>\n    <\/section>","protected":false},"excerpt":{"rendered":"<p>&nbsp; Innovations&nbsp; Innovation list, available in detail for approved partners, such as sister foundations: N1: Bee Hills, improving local biodiversity N2: Energy Food Forest, triple land use N3: Ecocorridor, protected nature reserves, often along waterways N4: SolarConvect, solar ventilation of buildings N5: Dry Roof, solar drying of container contents N6: Brace Roof, integrated solar building &hellip; <a href=\"https:\/\/natureforlife.org\/es\/innovations\/\" class=\"more-link\">sigue leyendo<span class=\"screen-reader-text\"> &#8220;Innovations&#8221;<\/span><\/a><\/p>","protected":false},"author":1,"featured_media":0,"parent":0,"menu_order":0,"comment_status":"closed","ping_status":"closed","template":"","meta":{"footnotes":""},"class_list":["post-480","page","type-page","status-publish","hentry"],"_links":{"self":[{"href":"https:\/\/natureforlife.org\/es\/wp-json\/wp\/v2\/pages\/480","targetHints":{"allow":["GET"]}}],"collection":[{"href":"https:\/\/natureforlife.org\/es\/wp-json\/wp\/v2\/pages"}],"about":[{"href":"https:\/\/natureforlife.org\/es\/wp-json\/wp\/v2\/types\/page"}],"author":[{"embeddable":true,"href":"https:\/\/natureforlife.org\/es\/wp-json\/wp\/v2\/users\/1"}],"replies":[{"embeddable":true,"href":"https:\/\/natureforlife.org\/es\/wp-json\/wp\/v2\/comments?post=480"}],"version-history":[{"count":4,"href":"https:\/\/natureforlife.org\/es\/wp-json\/wp\/v2\/pages\/480\/revisions"}],"predecessor-version":[{"id":489,"href":"https:\/\/natureforlife.org\/es\/wp-json\/wp\/v2\/pages\/480\/revisions\/489"}],"wp:attachment":[{"href":"https:\/\/natureforlife.org\/es\/wp-json\/wp\/v2\/media?parent=480"}],"curies":[{"name":"gracias","href":"https:\/\/api.w.org\/{rel}","templated":true}]}}