{"id":468,"date":"2025-08-12T16:11:28","date_gmt":"2025-08-12T16:11:28","guid":{"rendered":"https:\/\/natureforlife.org\/?page_id=468"},"modified":"2025-08-14T18:37:58","modified_gmt":"2025-08-14T18:37:58","slug":"mission","status":"publish","type":"page","link":"https:\/\/natureforlife.org\/es\/mission\/","title":{"rendered":"Misi\u00f3n"},"content":{"rendered":"<section class=\"u-black u-clearfix u-section-2\" id=\"sec-8f1b\">\n      <div class=\"u-clearfix u-sheet u-sheet-1\">\n        <h1 class=\"u-text u-text-default u-text-palette-5-base u-text-1\">Misi\u00f3n<\/h1>\n        <img decoding=\"async\" class=\"u-expanded-width u-image u-image-default u-image-1\" src=\"https:\/\/natureforlife.org\/wp-content\/uploads\/2023\/01\/Screenshot2022-03-14at15-20-01Missie-6.png\" alt=\"\" data-image-width=\"970\" data-image-height=\"95\">\n        <p class=\"u-text u-text-default u-text-palette-3-base u-text-2\"> Misi\u00f3n <br>\n          <br> Nuestra misi\u00f3n es crear conciencia entre las generaciones (j\u00f3venes) sobre la importancia crucial de los servicios ecol\u00f3gicos (incluidos el agua, los alimentos, la regulaci\u00f3n del clima, el suministro de energ\u00eda y la salud) a trav\u00e9s de enfoques innovadores, colaboraciones (inter)nacionales y el fortalecimiento de la biodiversidad.<br>\n          <br>\n          <br>\n        <\/p>\n      <\/div>\n    <\/section>","protected":false},"excerpt":{"rendered":"<p>Mission Mission Our mission is to raise awareness among (young) generations of the crucial importance of ecological services\u2014including water, food, climate regulation, energy supply, and health\u2014through innovative approaches, (inter)national collaborations, and strengthening biodiversity.<\/p>","protected":false},"author":1,"featured_media":0,"parent":0,"menu_order":11,"comment_status":"closed","ping_status":"closed","template":"","meta":{"footnotes":""},"class_list":["post-468","page","type-page","status-publish","hentry"],"_links":{"self":[{"href":"https:\/\/natureforlife.org\/es\/wp-json\/wp\/v2\/pages\/468","targetHints":{"allow":["GET"]}}],"collection":[{"href":"https:\/\/natureforlife.org\/es\/wp-json\/wp\/v2\/pages"}],"about":[{"href":"https:\/\/natureforlife.org\/es\/wp-json\/wp\/v2\/types\/page"}],"author":[{"embeddable":true,"href":"https:\/\/natureforlife.org\/es\/wp-json\/wp\/v2\/users\/1"}],"replies":[{"embeddable":true,"href":"https:\/\/natureforlife.org\/es\/wp-json\/wp\/v2\/comments?post=468"}],"version-history":[{"count":2,"href":"https:\/\/natureforlife.org\/es\/wp-json\/wp\/v2\/pages\/468\/revisions"}],"predecessor-version":[{"id":470,"href":"https:\/\/natureforlife.org\/es\/wp-json\/wp\/v2\/pages\/468\/revisions\/470"}],"wp:attachment":[{"href":"https:\/\/natureforlife.org\/es\/wp-json\/wp\/v2\/media?parent=468"}],"curies":[{"name":"gracias","href":"https:\/\/api.w.org\/{rel}","templated":true}]}}