{"id":382,"date":"2023-01-30T17:45:58","date_gmt":"2023-01-30T17:45:58","guid":{"rendered":"https:\/\/natureforlife.org\/mission\/"},"modified":"2025-08-14T18:37:52","modified_gmt":"2025-08-14T18:37:52","slug":"vision","status":"publish","type":"page","link":"https:\/\/natureforlife.org\/es\/vision\/","title":{"rendered":"Visi\u00f3n"},"content":{"rendered":"<section class=\"u-black u-clearfix u-section-2\" id=\"sec-8f1b\">\n      <div class=\"u-clearfix u-sheet u-sheet-1\">\n        <h1 class=\"u-text u-text-default u-text-palette-5-base u-text-1\">Visi\u00f3n<\/h1>\n        <img decoding=\"async\" class=\"u-expanded-width u-image u-image-default u-image-1\" src=\"https:\/\/natureforlife.org\/wp-content\/uploads\/2023\/01\/Screenshot2022-03-14at15-20-01Missie-6.png\" alt=\"\" data-image-width=\"970\" data-image-height=\"95\">\n        <p class=\"u-text u-text-default u-text-palette-3-base u-text-2\">Visi\u00f3n <br>\n          <br>Desde que la vida comenz\u00f3 a desarrollarse en la tierra, el n\u00famero de formas de vida ha aumentado constantemente. Este aumento ha llevado a la impresionante multiplicidad actual de organismos unicelulares, plantas y animales, que son tan importantes para nosotros ahora. Esta riqueza de especies, tambi\u00e9n llamada biodiversidad, sirve para amortiguar la reacci\u00f3n de nuestra tierra ante cambios repentinos en el medio ambiente. <br>\n          <br>Los seres humanos comenzaron a alterar este equilibrio a gran escala a medida que se afianzaba la revoluci\u00f3n industrial. Sin embargo, nos beneficiamos enormemente de toda la diversidad que la naturaleza tiene para ofrecer. Solo piense en la purificaci\u00f3n del agua, la producci\u00f3n de alimentos, la absorci\u00f3n de CO2, la producci\u00f3n de medicamentos, el tratamiento de desechos y la recreaci\u00f3n. Adem\u00e1s, la biodiversidad ha demostrado ser un arma astuta contra el r\u00e1pido cambio clim\u00e1tico. <br>\n          <br>La &quot;Fundaci\u00f3n Nature for Life&quot; tiene como objetivo llamar la atenci\u00f3n de los ciudadanos, pol\u00edticos y empresarios sobre la importancia de la biodiversidad, utilizando un lenguaje sencillo y ejemplos imaginativos. \n        <\/p>\n      <\/div>\n    <\/section>","protected":false},"excerpt":{"rendered":"<p>Vision Vision Since life started to develop on earth, the number of life forms has consistently increased. This increase has led to the current impressive multiplicity of single-celled organisms, plants, and animals, which are so highly important to us now. This wealth of species, also called biodiversity, serves to cushion our earth&#8217;s reaction to sudden &hellip; <a href=\"https:\/\/natureforlife.org\/es\/vision\/\" class=\"more-link\">sigue leyendo<span class=\"screen-reader-text\"> &#8220;Vision&#8221;<\/span><\/a><\/p>","protected":false},"author":1,"featured_media":0,"parent":0,"menu_order":11,"comment_status":"closed","ping_status":"closed","template":"","meta":{"footnotes":""},"class_list":["post-382","page","type-page","status-publish","hentry"],"_links":{"self":[{"href":"https:\/\/natureforlife.org\/es\/wp-json\/wp\/v2\/pages\/382","targetHints":{"allow":["GET"]}}],"collection":[{"href":"https:\/\/natureforlife.org\/es\/wp-json\/wp\/v2\/pages"}],"about":[{"href":"https:\/\/natureforlife.org\/es\/wp-json\/wp\/v2\/types\/page"}],"author":[{"embeddable":true,"href":"https:\/\/natureforlife.org\/es\/wp-json\/wp\/v2\/users\/1"}],"replies":[{"embeddable":true,"href":"https:\/\/natureforlife.org\/es\/wp-json\/wp\/v2\/comments?post=382"}],"version-history":[{"count":3,"href":"https:\/\/natureforlife.org\/es\/wp-json\/wp\/v2\/pages\/382\/revisions"}],"predecessor-version":[{"id":471,"href":"https:\/\/natureforlife.org\/es\/wp-json\/wp\/v2\/pages\/382\/revisions\/471"}],"wp:attachment":[{"href":"https:\/\/natureforlife.org\/es\/wp-json\/wp\/v2\/media?parent=382"}],"curies":[{"name":"gracias","href":"https:\/\/api.w.org\/{rel}","templated":true}]}}