{"id":381,"date":"2023-01-30T17:45:57","date_gmt":"2023-01-30T17:45:57","guid":{"rendered":"https:\/\/natureforlife.org\/about-us\/"},"modified":"2025-08-14T14:56:44","modified_gmt":"2025-08-14T14:56:44","slug":"about-us","status":"publish","type":"page","link":"https:\/\/natureforlife.org\/es\/about-us\/","title":{"rendered":"Sobre nosotros"},"content":{"rendered":"<section class=\"u-black u-clearfix u-section-2\" id=\"sec-7696\">\n      <div class=\"u-clearfix u-sheet u-sheet-1\">\n        <h1 class=\"u-text u-text-default u-text-palette-5-base u-text-1\">Sobre nosotros <\/h1>\n        <p class=\"u-text u-text-default u-text-palette-3-base u-text-2\"><i>Protege el sistema de resistencia de EARTH y consecuentemente el futuro de nuestros ni\u00f1os al vivir en pa\u00edses y ciudades saludables<\/i>\n          <br><i>&nbsp;<\/i>\n          <br><i>1. Sobre nosotros.<\/i>\n          <br><i>&nbsp;<\/i>\n          <br><i>1.1 Misi\u00f3n<br><\/i>\n          <br><i>1.2 El tablero de cimentaci\u00f3n<br>\n            <br><\/i><i>1.3 Contactos<\/i>\n          <br><i>&nbsp;<\/i>\n          <br><i>2. Prioridad y acciones<\/i>\n          <br><i>&nbsp;<\/i>\n          <br><i>3. \u00bfApoyarnos?<\/i>\n          <br><i>&nbsp;<\/i>\n          <br><i>4. Socios<\/i>\n          <br><i>&nbsp;<\/i>\n          <br><i>5. Enlaces<\/i>\n          <br><i>&nbsp;<\/i>\n          <br><i>6. Noticias<\/i>\n        <\/p>\n      <\/div>\n    <\/section>","protected":false},"excerpt":{"rendered":"<p>Sobre nosotros Protegemos el sistema de resistencia de la TIERRA y, en consecuencia, el futuro de nuestros hijos viviendo en pa\u00edses y ciudades saludables. 1. Sobre nosotros. 1.1 Misi\u00f3n 1.2 El consejo de la fundaci\u00f3n 1.3 Contactos 2. Prioridades y acciones 3. \u00bfNos apoyas? 4. Socios 5. Enlaces 6. Noticias<\/p>","protected":false},"author":1,"featured_media":0,"parent":0,"menu_order":10,"comment_status":"closed","ping_status":"closed","template":"","meta":{"footnotes":""},"class_list":["post-381","page","type-page","status-publish","hentry"],"_links":{"self":[{"href":"https:\/\/natureforlife.org\/es\/wp-json\/wp\/v2\/pages\/381","targetHints":{"allow":["GET"]}}],"collection":[{"href":"https:\/\/natureforlife.org\/es\/wp-json\/wp\/v2\/pages"}],"about":[{"href":"https:\/\/natureforlife.org\/es\/wp-json\/wp\/v2\/types\/page"}],"author":[{"embeddable":true,"href":"https:\/\/natureforlife.org\/es\/wp-json\/wp\/v2\/users\/1"}],"replies":[{"embeddable":true,"href":"https:\/\/natureforlife.org\/es\/wp-json\/wp\/v2\/comments?post=381"}],"version-history":[{"count":2,"href":"https:\/\/natureforlife.org\/es\/wp-json\/wp\/v2\/pages\/381\/revisions"}],"predecessor-version":[{"id":476,"href":"https:\/\/natureforlife.org\/es\/wp-json\/wp\/v2\/pages\/381\/revisions\/476"}],"wp:attachment":[{"href":"https:\/\/natureforlife.org\/es\/wp-json\/wp\/v2\/media?parent=381"}],"curies":[{"name":"gracias","href":"https:\/\/api.w.org\/{rel}","templated":true}]}}