{"id":378,"date":"2023-01-30T17:45:54","date_gmt":"2023-01-30T17:45:54","guid":{"rendered":"https:\/\/natureforlife.org\/links\/"},"modified":"2025-02-17T14:53:13","modified_gmt":"2025-02-17T14:53:13","slug":"links","status":"publish","type":"page","link":"https:\/\/natureforlife.org\/es\/links\/","title":{"rendered":"Enlaces"},"content":{"rendered":"<section class=\"u-black u-clearfix u-section-1\" id=\"sec-f733\">\n      <div class=\"u-clearfix u-sheet u-sheet-1\">\n        <h1 class=\"u-text u-text-default u-text-palette-5-base u-text-1\">Enlaces<\/h1>\n        <p class=\"u-text u-text-palette-3-base u-text-2\"> Algunos enlaces no est\u00e1n disponibles en ingl\u00e9s. Debido a la alta calidad de su contenido, todav\u00eda nos gusta compartirlo con usted. Utilice &quot;traductor de Google&quot; para ver el contenido en su idioma preferido.&nbsp;<br>\n          <br>&nbsp;* <a href=\"http:\/\/www.hetkanwel.nl\" class=\"u-active-none u-border-none u-btn u-button-style u-hover-none u-none u-text-palette-1-base u-btn-1\">www.hetkanwel.nl<\/a>&nbsp;(un sitio web galardonado sobre ideas, como c\u00f3mo usar m\u00e9todos sostenibles en la vida diaria)<br>&nbsp;* <a href=\"http:\/\/www.zeewierwijzer.com\" class=\"u-active-none u-border-none u-btn u-button-style u-hover-none u-none u-text-palette-1-base u-btn-2\">www.zeewierwijzer.com<\/a>&nbsp;(\u00bfc\u00f3mo utilizar las algas para componer nuestras comidas saludables?)&nbsp;<br>&nbsp;* <a href=\"http:\/\/www.ecodorpboekel.nl\" class=\"u-active-none u-border-none u-btn u-button-style u-hover-none u-none u-text-palette-1-base u-btn-3\">www.ecodorpboekel.nl<\/a>&nbsp;(una &quot;ecoaldea&quot; experimental)&nbsp;&nbsp;\n        <\/p>\n      <\/div>\n    <\/section>","protected":false},"excerpt":{"rendered":"<p>Enlaces Algunos enlaces no est\u00e1n disponibles en ingl\u00e9s. Debido a la alta calidad de su contenido, todav\u00eda nos gusta compartirlo con usted. Utilice &quot;traductor de Google&quot; para ver el contenido en su idioma preferido. * www.hetkanwel.nl (un sitio web galardonado sobre ideas sobre c\u00f3mo utilizar m\u00e9todos sostenibles en la vida diaria) * www.zeewierwijzer.com (c\u00f3mo... <a href=\"https:\/\/natureforlife.org\/es\/links\/\" class=\"more-link\">sigue leyendo<span class=\"screen-reader-text\"> &quot;Enlaces&quot;<\/span><\/a><\/p>","protected":false},"author":1,"featured_media":0,"parent":0,"menu_order":7,"comment_status":"closed","ping_status":"closed","template":"","meta":{"footnotes":""},"class_list":["post-378","page","type-page","status-publish","hentry"],"_links":{"self":[{"href":"https:\/\/natureforlife.org\/es\/wp-json\/wp\/v2\/pages\/378","targetHints":{"allow":["GET"]}}],"collection":[{"href":"https:\/\/natureforlife.org\/es\/wp-json\/wp\/v2\/pages"}],"about":[{"href":"https:\/\/natureforlife.org\/es\/wp-json\/wp\/v2\/types\/page"}],"author":[{"embeddable":true,"href":"https:\/\/natureforlife.org\/es\/wp-json\/wp\/v2\/users\/1"}],"replies":[{"embeddable":true,"href":"https:\/\/natureforlife.org\/es\/wp-json\/wp\/v2\/comments?post=378"}],"version-history":[{"count":1,"href":"https:\/\/natureforlife.org\/es\/wp-json\/wp\/v2\/pages\/378\/revisions"}],"predecessor-version":[{"id":390,"href":"https:\/\/natureforlife.org\/es\/wp-json\/wp\/v2\/pages\/378\/revisions\/390"}],"wp:attachment":[{"href":"https:\/\/natureforlife.org\/es\/wp-json\/wp\/v2\/media?parent=378"}],"curies":[{"name":"gracias","href":"https:\/\/api.w.org\/{rel}","templated":true}]}}