{"id":377,"date":"2023-01-30T17:45:53","date_gmt":"2023-01-30T17:45:53","guid":{"rendered":"https:\/\/natureforlife.org\/contacts\/"},"modified":"2025-02-17T14:53:13","modified_gmt":"2025-02-17T14:53:13","slug":"contacts","status":"publish","type":"page","link":"https:\/\/natureforlife.org\/es\/contacts\/","title":{"rendered":"Contactos"},"content":{"rendered":"<section class=\"u-black u-clearfix u-section-2\" id=\"sec-f733\">\n      <div class=\"u-clearfix u-sheet u-sheet-1\">\n        <h1 class=\"u-text u-text-default u-text-palette-5-base u-text-1\">Contactos<\/h1>\n        <img decoding=\"async\" class=\"u-image u-image-default u-image-1\" src=\"https:\/\/natureforlife.org\/wp-content\/uploads\/2023\/01\/contact1-6.jpg\" alt=\"\" data-image-width=\"317\" data-image-height=\"200\">\n        <p class=\"u-text u-text-palette-3-base u-text-2\"> Contactos\/ Comunicaci\u00f3n: &nbsp; &nbsp;<br>\n          <br>noticias web:&nbsp;<a href=\"http:\/\/www.facebook.com\/natureforlifefoundation\" class=\"u-active-none u-border-none u-btn u-button-style u-hover-none u-none u-text-palette-1-base u-btn-1\">www.facebook.com\/natureforlifefoundation<\/a>&nbsp;&nbsp;<br>Correo electr\u00f3nico:&nbsp;<a href=\"mailto:info@natureforlife.org\" class=\"u-active-none u-border-none u-btn u-button-style u-hover-none u-none u-text-palette-1-base u-btn-2\">info@natureforlife.org<\/a>&nbsp; &nbsp;&nbsp;<br>\n          <br>Correo postal: Fundaci\u00f3n Nature for Life, Grotestraat 154A, 5141HC Waalwijk, Pa\u00edses Bajos&nbsp; &nbsp;<br>\n          <br>Visitas: Por favor vea nuestra direcci\u00f3n aqu\u00ed antes, pero siempre haga una cita.&nbsp;<br>Transporte p\u00fablico: desde las estaciones de tren Den Bosch o Tilburg, autob\u00fas hasta la &quot;estaci\u00f3n de autobuses&quot; de Waalwijk y luego 10 minutos a pie.&nbsp; &nbsp;<br>\n          <br>Tel\u00e9fono: +31 682 008 054 (tambi\u00e9n whatsapp) \n        <\/p>\n      <\/div>\n    <\/section>","protected":false},"excerpt":{"rendered":"<p>Contactos Contactos\/ Comunicaci\u00f3n: Noticias web: www.facebook.com\/natureforlifefoundation Correo electr\u00f3nico: info@natureforlife.org Publicaci\u00f3n: Nature for Life Foundation, Grotestraat 154A, 5141HC Waalwijk, Pa\u00edses Bajos Visitas: consulte nuestra direcci\u00f3n aqu\u00ed antes, pero siempre programe una cita . Transporte p\u00fablico: desde las estaciones de tren Den Bosch o autob\u00fas de Tilburg hasta la \u201cestaci\u00f3n de autobuses\u201d de Waalwijk y luego 10 minutos caminando.  Tel\u00e9fono: +31 682 008 054 (tambi\u00e9n whatsapp)<\/p>","protected":false},"author":1,"featured_media":0,"parent":0,"menu_order":6,"comment_status":"closed","ping_status":"closed","template":"","meta":{"footnotes":""},"class_list":["post-377","page","type-page","status-publish","hentry"],"_links":{"self":[{"href":"https:\/\/natureforlife.org\/es\/wp-json\/wp\/v2\/pages\/377","targetHints":{"allow":["GET"]}}],"collection":[{"href":"https:\/\/natureforlife.org\/es\/wp-json\/wp\/v2\/pages"}],"about":[{"href":"https:\/\/natureforlife.org\/es\/wp-json\/wp\/v2\/types\/page"}],"author":[{"embeddable":true,"href":"https:\/\/natureforlife.org\/es\/wp-json\/wp\/v2\/users\/1"}],"replies":[{"embeddable":true,"href":"https:\/\/natureforlife.org\/es\/wp-json\/wp\/v2\/comments?post=377"}],"version-history":[{"count":2,"href":"https:\/\/natureforlife.org\/es\/wp-json\/wp\/v2\/pages\/377\/revisions"}],"predecessor-version":[{"id":435,"href":"https:\/\/natureforlife.org\/es\/wp-json\/wp\/v2\/pages\/377\/revisions\/435"}],"wp:attachment":[{"href":"https:\/\/natureforlife.org\/es\/wp-json\/wp\/v2\/media?parent=377"}],"curies":[{"name":"gracias","href":"https:\/\/api.w.org\/{rel}","templated":true}]}}