{"id":375,"date":"2023-01-30T17:45:51","date_gmt":"2023-01-30T17:45:51","guid":{"rendered":"https:\/\/natureforlife.org\/policy-priorities-and-actions\/"},"modified":"2025-08-14T09:19:36","modified_gmt":"2025-08-14T09:19:36","slug":"policy-priorities-and-actions","status":"publish","type":"page","link":"https:\/\/natureforlife.org\/es\/policy-priorities-and-actions\/","title":{"rendered":"Prioridades pol\u00edticas y acciones"},"content":{"rendered":"<section class=\"u-black u-clearfix u-section-2\" id=\"sec-f733\">\n      <div class=\"u-clearfix u-sheet u-sheet-1\">\n        <h1 class=\"u-text u-text-default u-text-palette-5-base u-text-1\">Pol\u00edtica, Prioridades y Acciones<\/h1>\n        <img decoding=\"async\" class=\"u-image u-image-default u-image-1\" src=\"https:\/\/natureforlife.org\/wp-content\/uploads\/2023\/01\/priorities1-large-6.jpg\" alt=\"\" data-image-width=\"490\" data-image-height=\"330\">\n        <p class=\"u-text u-text-palette-3-base u-text-2\"> Plan estrat\u00e9gico 2025<br>\n          <br>1. Pol\u00edtica<br>\n          <br> Nature for Life centra la importancia de una naturaleza saludable para nuestra vida diaria principalmente en los j\u00f3venes de todo el mundo, como electorado en un sistema democr\u00e1tico y futuros innovadores.<br>\n          <br>2. Prioridades&nbsp;<br>\n          <br>2.2. Dise\u00f1ar y producir a nivel internacional v\u00eddeos cortos para Internet con una portada humor\u00edstica y un n\u00facleo serio sobre las &quot;funciones de la naturaleza&quot; para que se vuelvan virales entre los j\u00f3venes.&nbsp;<br>\n          <br>2.3. Se promover\u00e1n mejor las \u201cfunciones de la naturaleza\u201d, tambi\u00e9n llamadas \u201cservicios ecosist\u00e9micos\u201d: a. Agua B. Comida c. Clima d. Energ\u00eda e. Salud&nbsp;<br>\n          <br>2.4. Varias fundaciones hermanas independientes est\u00e1n en proceso de convertirse en una Naturaleza para la Vida nacional: el mismo nombre, misi\u00f3n, logotipo, pero independientes en implementaci\u00f3n y finanzas.&nbsp;<br>\n          <br>2.5. Se est\u00e1n desarrollando m\u00e1s de 20 innovaciones en los temas del punto 2.3 y los resultados se compartir\u00e1n internacionalmente con las fundaciones hermanas.&nbsp;<br>\n          <br>3. Acciones&nbsp;<br>\n          <br>3.1. Encontrar a los mejores productores de videos cortos de Internet &quot;virales&quot;&nbsp;<br>\n          <br>3.2. Reemplazo del carb\u00f3n vegetal para la preparaci\u00f3n de comidas por varias otras t\u00e9cnicas, por ejemplo, t\u00e9cnicas de fermentaci\u00f3n, calentamiento solar, microondas y calentamiento por inducci\u00f3n.&nbsp;<br>\n          <br>3.3. Pr\u00e1cticas de uso de la tierra m\u00faltiples y linealmente escalables, como el Bosque de Alimentos Energ\u00e9ticos (EFF), donde la producci\u00f3n de energ\u00eda solar se puede combinar con cultivos alimentarios biodiversos y recolecci\u00f3n, almacenamiento e irrigaci\u00f3n de agua de lluvia.&nbsp;<br>\n          <br>3.4. Instalaci\u00f3n de las primeras &quot;Bee Hills&quot; en entornos urbanos para aumentar la biodiversidad local&nbsp;<br>\n          <br>3.5. I+D en m\u00e9todos de captura y almacenamiento de calor residual y CO2 de motores de combusti\u00f3n&nbsp;<br>\n          <br>3.6. Apoyar a fundaciones hermanas en la creaci\u00f3n de los primeros proyectos posibles, como &quot;corredores ecol\u00f3gicos&quot; alrededor de un r\u00edo contaminado para nuestras &quot;hermanas piloto&quot; en Gambia y Madagascar.&nbsp;<br>\n          <br>3.7. Apoyando a fundaciones hermanas en sus problem\u00e1ticas nacionales con residuos pl\u00e1sticos, orientadas a infraestructura y fraccionamiento.&nbsp;<br>\n          <br>3.8. El &quot;ecocidio&quot; es la destrucci\u00f3n generalizada de ecosistemas, generalmente por intereses privados. Nature for Life apoya acciones que garanticen que el ecocidio sea reconocido como un crimen internacional formal dentro del Estatuto de Roma de la Corte Penal Internacional (CPI)<br>\n          <br>3.9. Desarrollo del &quot;DrinkingTrain&quot;, un sistema energ\u00e9ticamente independiente para la producci\u00f3n de agua potable <br>\n        <\/p>\n      <\/div>\n    <\/section>","protected":false},"excerpt":{"rendered":"<p>Policy, Priorities and Actions Strategy plan 2025 1. Policy Nature for Life focuses the importance of healthy nature for our daily lives mainly on young people worldwide, as an electorate in a democratic system and future innovators 2. Priorities&nbsp; 2.2. Internationally designing and producing short internet videos with a humorous cover and a serious core &hellip; <a href=\"https:\/\/natureforlife.org\/es\/policy-priorities-and-actions\/\" class=\"more-link\">sigue leyendo<span class=\"screen-reader-text\"> \u201cPrioridades pol\u00edticas y acciones\u201d<\/span><\/a><\/p>","protected":false},"author":1,"featured_media":0,"parent":0,"menu_order":4,"comment_status":"closed","ping_status":"closed","template":"","meta":{"footnotes":""},"class_list":["post-375","page","type-page","status-publish","hentry"],"_links":{"self":[{"href":"https:\/\/natureforlife.org\/es\/wp-json\/wp\/v2\/pages\/375","targetHints":{"allow":["GET"]}}],"collection":[{"href":"https:\/\/natureforlife.org\/es\/wp-json\/wp\/v2\/pages"}],"about":[{"href":"https:\/\/natureforlife.org\/es\/wp-json\/wp\/v2\/types\/page"}],"author":[{"embeddable":true,"href":"https:\/\/natureforlife.org\/es\/wp-json\/wp\/v2\/users\/1"}],"replies":[{"embeddable":true,"href":"https:\/\/natureforlife.org\/es\/wp-json\/wp\/v2\/comments?post=375"}],"version-history":[{"count":7,"href":"https:\/\/natureforlife.org\/es\/wp-json\/wp\/v2\/pages\/375\/revisions"}],"predecessor-version":[{"id":475,"href":"https:\/\/natureforlife.org\/es\/wp-json\/wp\/v2\/pages\/375\/revisions\/475"}],"wp:attachment":[{"href":"https:\/\/natureforlife.org\/es\/wp-json\/wp\/v2\/media?parent=375"}],"curies":[{"name":"gracias","href":"https:\/\/api.w.org\/{rel}","templated":true}]}}