{"id":374,"date":"2023-01-30T17:45:50","date_gmt":"2023-01-30T17:45:50","guid":{"rendered":"https:\/\/natureforlife.org\/support-us\/"},"modified":"2025-02-17T14:53:13","modified_gmt":"2025-02-17T14:53:13","slug":"support-us","status":"publish","type":"page","link":"https:\/\/natureforlife.org\/es\/support-us\/","title":{"rendered":"Apoyanos"},"content":{"rendered":"<section class=\"u-black u-clearfix u-section-2\" id=\"sec-f733\">\n      <div class=\"u-clearfix u-sheet u-sheet-1\">\n        <h1 class=\"u-text u-text-default u-text-palette-5-base u-text-1\">Apoyanos<\/h1>\n        <p class=\"u-text u-text-palette-3-base u-text-2\"><b>\u00bfApoyanos?<\/b>\n          <br>\n          <br>Nuestro prop\u00f3sito es la distribuci\u00f3n de conocimiento sobre las funciones y valores de la naturaleza intacta (tambi\u00e9n llamada biodiversidad o servicios ecol\u00f3gicos) para nuestras generaciones recientes y futuras. Vea nuestra \u201cMisi\u00f3n\u201d para una descripci\u00f3n m\u00e1s detallada.<br>\n          <br>Debido a la naturaleza de la fundaci\u00f3n (una fundaci\u00f3n fiscal ANBI con nuestro registro en los Pa\u00edses Bajos), hemos firmado la obligaci\u00f3n de publicar nuestras finanzas en este sitio web despu\u00e9s de cada a\u00f1o calendario: la primera vez para el a\u00f1o fiscal 2017, tan pronto como alcanzamos el nivel financiero de nuestra obligaci\u00f3n principal en el plan de estrategia real.<br>\n          <br>Necesitamos un ingreso regular para nuestras actividades. Puedes apoyar por:<br>&nbsp;1 Menci\u00f3n de nuestro nombre en su \u00daltima Voluntad (Testamento)<br>&nbsp;2 Transferir un peque\u00f1o pago regular a nuestra cuenta (ver m\u00e1s abajo)<br>&nbsp;3 Compartir nuestras actividades a trav\u00e9s de las redes sociales. Tenga en cuenta que tenemos nuestra misi\u00f3n disponible en 13 idiomas, para elegir de la p\u00e1gina principal de este sitio web<br>&nbsp;4 Patrocinio directo de una de nuestras futuras actividades, como un congreso<br>\n          <br>Los obsequios son bienvenidos: comun\u00edquese con nosotros a info@natureforlife.org o transfiera sus obsequios a:<br>Fundaci\u00f3n Stichting Nature for Life, Grotestraat 154a, 5141HC Waalwijk, Pa\u00edses Bajos<br>Triodos Bank, c\u00f3digo BIC\/Swift: TRIONL2u. IBAN: NL50 TRIO 0320 8742 65<br>\n          <br>Datos de la fundaci\u00f3n: N\u00famero de C\u00e1mara de Comercio 66349575 N\u00famero fiscal 856506722<br>\n          <br>Muchas gracias por su ayuda ! \n        <\/p>\n      <\/div>\n    <\/section>","protected":false},"excerpt":{"rendered":"<p>Apoyanos \u00bfApoyanos? Nuestro prop\u00f3sito es la distribuci\u00f3n de conocimiento sobre las funciones y valores de la naturaleza intacta (tambi\u00e9n llamada biodiversidad o servicios ecol\u00f3gicos) para nuestras generaciones recientes y futuras. Consulte nuestra \u201cMisi\u00f3n\u201d para obtener una descripci\u00f3n m\u00e1s detallada. Debido a la naturaleza de la fundaci\u00f3n (una fundaci\u00f3n fiscal ANBI con nuestro registro en The\u2026 <a href=\"https:\/\/natureforlife.org\/es\/support-us\/\" class=\"more-link\">sigue leyendo<span class=\"screen-reader-text\"> &quot;Apoyanos&quot;<\/span><\/a><\/p>","protected":false},"author":1,"featured_media":0,"parent":0,"menu_order":3,"comment_status":"closed","ping_status":"closed","template":"","meta":{"footnotes":""},"class_list":["post-374","page","type-page","status-publish","hentry"],"_links":{"self":[{"href":"https:\/\/natureforlife.org\/es\/wp-json\/wp\/v2\/pages\/374","targetHints":{"allow":["GET"]}}],"collection":[{"href":"https:\/\/natureforlife.org\/es\/wp-json\/wp\/v2\/pages"}],"about":[{"href":"https:\/\/natureforlife.org\/es\/wp-json\/wp\/v2\/types\/page"}],"author":[{"embeddable":true,"href":"https:\/\/natureforlife.org\/es\/wp-json\/wp\/v2\/users\/1"}],"replies":[{"embeddable":true,"href":"https:\/\/natureforlife.org\/es\/wp-json\/wp\/v2\/comments?post=374"}],"version-history":[{"count":3,"href":"https:\/\/natureforlife.org\/es\/wp-json\/wp\/v2\/pages\/374\/revisions"}],"predecessor-version":[{"id":452,"href":"https:\/\/natureforlife.org\/es\/wp-json\/wp\/v2\/pages\/374\/revisions\/452"}],"wp:attachment":[{"href":"https:\/\/natureforlife.org\/es\/wp-json\/wp\/v2\/media?parent=374"}],"curies":[{"name":"gracias","href":"https:\/\/api.w.org\/{rel}","templated":true}]}}