{"id":372,"date":"2023-01-30T17:45:48","date_gmt":"2023-01-30T17:45:48","guid":{"rendered":"https:\/\/natureforlife.org\/partners\/"},"modified":"2025-02-17T14:53:13","modified_gmt":"2025-02-17T14:53:13","slug":"partners","status":"publish","type":"page","link":"https:\/\/natureforlife.org\/es\/partners\/","title":{"rendered":"Socios"},"content":{"rendered":"<section class=\"u-black u-clearfix u-section-1\" id=\"sec-f733\">\n      <div class=\"u-clearfix u-sheet u-sheet-1\">\n        <h1 class=\"u-text u-text-default u-text-palette-5-base u-text-1\">Socios<\/h1>\n        <p class=\"u-text u-text-palette-3-base u-text-2\"><b>Socios<\/b>&nbsp; &nbsp;<br>\n          <br>Puede estar claro que no podemos lograr nuestros objetivos solos. Por lo tanto, nos complace mencionar algunos socios que nos han apoyado desde el principio. Por ejemplo:<br>\n          <br>&nbsp;\n- Fundaci\u00f3n Parkpaviljoen, Waalwijk, Pa\u00edses Bajos,<i> vecinos (<a href=\"http:\/\/www.parkpaviljoenwaalwijk.nl\" class=\"u-active-none u-border-none u-btn u-button-style u-hover-none u-none u-text-palette-1-base u-btn-1\">www.parkpaviljoenwaalwijk.nl<\/a>)<\/i>\n          <br>\n          <br>&nbsp;&nbsp;<i>-<\/i> Fundaci\u00f3n Wandelpark, Waalwijk, Pa\u00edses Bajos,<i> vecinos (<a href=\"http:\/\/wandelparkwaalwijk.nl\/\" class=\"u-active-none u-border-none u-btn u-button-style u-hover-none u-none u-text-palette-1-base u-btn-2\">http:\/\/wandelparkwaalwijk.nl\/<\/a>)<\/i>\n          <br>&nbsp;<br>&nbsp; - Meewis Notarissen, Waalwijk, Pa\u00edses Bajos (<a href=\"http:\/\/www.meewisnotarissen.nl\/\" class=\"u-active-none u-border-none u-btn u-button-style u-hover-none u-none u-text-palette-1-base u-btn-3\">http:\/\/www.meewisnotarissen.nl\/<\/a>)<br>\n          <br>&nbsp; - Hortus Botanicus, \u00c1msterdam, Pa\u00edses Bajos (<a href=\"https:\/\/www.dehortus.nl\/\" class=\"u-active-none u-border-none u-btn u-button-style u-hover-none u-none u-text-palette-1-base u-btn-4\">https:\/\/www.dehortus.nl\/<\/a>) <i><\/i>&nbsp;&nbsp;<br>\n          <br>Adem\u00e1s tenemos <b>voluntarios<\/b>, ayud\u00e1ndonos con actividades y consejos. Sin ellos no podr\u00edamos existir. Estamos muy agradecidos a todos por su contribuci\u00f3n.\n        <\/p>\n      <\/div>\n    <\/section>","protected":false},"excerpt":{"rendered":"<p>Socios Socios Puede quedar claro que no podemos lograr nuestros objetivos solos. Por lo tanto, nos complace mencionar algunos socios que nos han apoyado desde el principio. Por ejemplo: \u2013 Fundaci\u00f3n Parkpaviljoen, Waalwijk, Pa\u00edses Bajos, vecinos (www.parkpaviljoenwaalwijk.nl) \u2013 Fundaci\u00f3n Wandelpark, Waalwijk, Pa\u00edses Bajos, vecinos (http:\/\/wandelparkwaalwijk.nl\/) \u2013 Meewis Notarissen, Waalwijk, Pa\u00edses Bajos (http:\/\/ www.meewisnotarissen.nl\/) \u2013 \u2026 <a href=\"https:\/\/natureforlife.org\/es\/partners\/\" class=\"more-link\">sigue leyendo<span class=\"screen-reader-text\"> &quot;Socios&quot;<\/span><\/a><\/p>","protected":false},"author":1,"featured_media":0,"parent":0,"menu_order":1,"comment_status":"closed","ping_status":"closed","template":"","meta":{"footnotes":""},"class_list":["post-372","page","type-page","status-publish","hentry"],"_links":{"self":[{"href":"https:\/\/natureforlife.org\/es\/wp-json\/wp\/v2\/pages\/372","targetHints":{"allow":["GET"]}}],"collection":[{"href":"https:\/\/natureforlife.org\/es\/wp-json\/wp\/v2\/pages"}],"about":[{"href":"https:\/\/natureforlife.org\/es\/wp-json\/wp\/v2\/types\/page"}],"author":[{"embeddable":true,"href":"https:\/\/natureforlife.org\/es\/wp-json\/wp\/v2\/users\/1"}],"replies":[{"embeddable":true,"href":"https:\/\/natureforlife.org\/es\/wp-json\/wp\/v2\/comments?post=372"}],"version-history":[{"count":1,"href":"https:\/\/natureforlife.org\/es\/wp-json\/wp\/v2\/pages\/372\/revisions"}],"predecessor-version":[{"id":384,"href":"https:\/\/natureforlife.org\/es\/wp-json\/wp\/v2\/pages\/372\/revisions\/384"}],"wp:attachment":[{"href":"https:\/\/natureforlife.org\/es\/wp-json\/wp\/v2\/media?parent=372"}],"curies":[{"name":"gracias","href":"https:\/\/api.w.org\/{rel}","templated":true}]}}