{"id":480,"date":"2025-08-31T04:42:14","date_gmt":"2025-08-31T04:42:14","guid":{"rendered":"https:\/\/natureforlife.org\/?page_id=480"},"modified":"2025-12-10T15:19:18","modified_gmt":"2025-12-10T15:19:18","slug":"innovations","status":"publish","type":"page","link":"https:\/\/natureforlife.org\/de\/innovations\/","title":{"rendered":"Innovationen"},"content":{"rendered":"<section class=\"u-clearfix u-section-2\" id=\"block-1\">\n      <div class=\"u-clearfix u-sheet u-sheet-1\">\n        <p class=\"u-text u-text-default u-text-1\"><span class=\"u-text-palette-3-base\"> &nbsp;<span style=\"font-size: 1.875rem;\"> Innovationen&nbsp;<\/span>\n            <br><\/span><span class=\"u-text-palette-3-base\"><\/span><span class=\"u-text-palette-3-base\">\n            <br><\/span><span class=\"u-text-palette-3-base\">\n            <br> Innovationsliste, detailliert verf\u00fcgbar f\u00fcr anerkannte Partner, wie z. B. Schwesterstiftungen:<br>\n            <br> N1: Bienenh\u00fcgel, Verbesserung der lokalen Artenvielfalt<br> N2: Energie-Nahrungswald, dreifache Landnutzung<br> N3: \u00d6kokorridor, gesch\u00fctzte Naturschutzgebiete, oft entlang von Wasserstra\u00dfen<br> N4: SolarConvect, solare Geb\u00e4udel\u00fcftung<br> N5: Dry Roof, solare Trocknung des Containerinhalts<br> N6: Strebendach, integrierte solare Geb\u00e4udebel\u00fcftung<br> N7: Zonzenden, CO2-freie Essenszubereitung<br> N8: Flexidome, zyklonresistente H\u00e4user<br> N9: Variweir, einstellbarer Ab- und \u00dcberlauf<br> N10: CO2-Falle, f\u00e4ngt CO2 aus Verbrennungsmotoren ein<br> N11: W\u00e4rmefalle, f\u00e4ngt Nutzw\u00e4rme von Verbrennungsmotoren ein<br> N12: Solprep, der regelbare Thermo-Solarofen zur Zubereitung von Mahlzeiten<br> N13: Ferfood, Entwicklung gesunder pflanzlicher Proteine&nbsp;<br>N14: Eigene Produkte, heimische Lebensmittelproduktion\/Vermeidung von Ferntransporten<br> N15: SpecObserve, Biodiversit\u00e4tskontrolle aus der Luft<br> N16: NatureSocials, kurze Videos \u00fcber nat\u00fcrliche Funktionen<br> N17: DamagePrevent, Vorsorgema\u00dfnahmen f\u00fcr Natur und Gesundheit<br> N18: NatureProm, F\u00f6rderung von Subventionen f\u00fcr Naturschutzma\u00dfnahmen<br> N19: NatureKnowledge, Verbreitung des Technologieeinsatzes zum Schutz und zur Verbesserung der Natur<br> N20: Greenview, Wohnen mit Blick in die Natur<br> N21: \u00d6koraum: Bereitstellung von ausreichend Lebensraum f\u00fcr andere Tiere<br> N22: \u201eRegionale Kunststoff-Wertsch\u00f6pfungszentren\u201c, Aufbau internationaler Zentren f\u00fcr die Kunststoffverarbeitung<br> N23: Hauswald; Schulwald; Arbeitswald; B\u00fcrowald; Werkswald, Jugendf\u00f6rderung zur allgemeinen Gr\u00fcnraumintegration<br> N24: EnergyPlusWater, lokale (Not-)Energie- und Wasserversorgung<br> N25: Aquasavings, Schutzma\u00dfnahmen f\u00fcr produziertes Trinkwasser<br> N26: StopAtmocide, Schutz der Atmosph\u00e4re vor Weltraumm\u00fcll\n&nbsp; <br><\/span>\n        <\/p>\n      <\/div>\n    <\/section>","protected":false},"excerpt":{"rendered":"<p>&nbsp; Innovations&nbsp; Innovation list, available in detail for approved partners, such as sister foundations: N1: Bee Hills, improving local biodiversity N2: Energy Food Forest, triple land use N3: Ecocorridor, protected nature reserves, often along waterways N4: SolarConvect, solar ventilation of buildings N5: Dry Roof, solar drying of container contents N6: Brace Roof, integrated solar building &hellip; <a href=\"https:\/\/natureforlife.org\/de\/innovations\/\" class=\"more-link\">Weiterlesen<span class=\"screen-reader-text\"> &#8220;Innovations&#8221;<\/span><\/a><\/p>","protected":false},"author":1,"featured_media":0,"parent":0,"menu_order":0,"comment_status":"closed","ping_status":"closed","template":"","meta":{"footnotes":""},"class_list":["post-480","page","type-page","status-publish","hentry"],"_links":{"self":[{"href":"https:\/\/natureforlife.org\/de\/wp-json\/wp\/v2\/pages\/480","targetHints":{"allow":["GET"]}}],"collection":[{"href":"https:\/\/natureforlife.org\/de\/wp-json\/wp\/v2\/pages"}],"about":[{"href":"https:\/\/natureforlife.org\/de\/wp-json\/wp\/v2\/types\/page"}],"author":[{"embeddable":true,"href":"https:\/\/natureforlife.org\/de\/wp-json\/wp\/v2\/users\/1"}],"replies":[{"embeddable":true,"href":"https:\/\/natureforlife.org\/de\/wp-json\/wp\/v2\/comments?post=480"}],"version-history":[{"count":4,"href":"https:\/\/natureforlife.org\/de\/wp-json\/wp\/v2\/pages\/480\/revisions"}],"predecessor-version":[{"id":489,"href":"https:\/\/natureforlife.org\/de\/wp-json\/wp\/v2\/pages\/480\/revisions\/489"}],"wp:attachment":[{"href":"https:\/\/natureforlife.org\/de\/wp-json\/wp\/v2\/media?parent=480"}],"curies":[{"name":"wp","href":"https:\/\/api.w.org\/{rel}","templated":true}]}}