{"id":468,"date":"2025-08-12T16:11:28","date_gmt":"2025-08-12T16:11:28","guid":{"rendered":"https:\/\/natureforlife.org\/?page_id=468"},"modified":"2025-08-14T18:37:58","modified_gmt":"2025-08-14T18:37:58","slug":"mission","status":"publish","type":"page","link":"https:\/\/natureforlife.org\/de\/mission\/","title":{"rendered":"Mission"},"content":{"rendered":"<section class=\"u-black u-clearfix u-section-2\" id=\"sec-8f1b\">\n      <div class=\"u-clearfix u-sheet u-sheet-1\">\n        <h1 class=\"u-text u-text-default u-text-palette-5-base u-text-1\">Mission<\/h1>\n        <img decoding=\"async\" class=\"u-expanded-width u-image u-image-default u-image-1\" src=\"https:\/\/natureforlife.org\/wp-content\/uploads\/2023\/01\/Screenshot2022-03-14at15-20-01Missie-6.png\" alt=\"\" data-image-width=\"970\" data-image-height=\"95\">\n        <p class=\"u-text u-text-default u-text-palette-3-base u-text-2\"> Mission <br>\n          <br> Unsere Mission ist es, durch innovative Ans\u00e4tze, (inter)nationale Zusammenarbeit und die St\u00e4rkung der Biodiversit\u00e4t das Bewusstsein (junger) Generationen f\u00fcr die entscheidende Bedeutung \u00f6kologischer Dienstleistungen \u2013 darunter Wasser, Nahrung, Klimaregulierung, Energieversorgung und Gesundheit \u2013 zu sch\u00e4rfen.<br>\n          <br>\n          <br>\n        <\/p>\n      <\/div>\n    <\/section>","protected":false},"excerpt":{"rendered":"<p>Mission Mission Our mission is to raise awareness among (young) generations of the crucial importance of ecological services\u2014including water, food, climate regulation, energy supply, and health\u2014through innovative approaches, (inter)national collaborations, and strengthening biodiversity.<\/p>","protected":false},"author":1,"featured_media":0,"parent":0,"menu_order":11,"comment_status":"closed","ping_status":"closed","template":"","meta":{"footnotes":""},"class_list":["post-468","page","type-page","status-publish","hentry"],"_links":{"self":[{"href":"https:\/\/natureforlife.org\/de\/wp-json\/wp\/v2\/pages\/468","targetHints":{"allow":["GET"]}}],"collection":[{"href":"https:\/\/natureforlife.org\/de\/wp-json\/wp\/v2\/pages"}],"about":[{"href":"https:\/\/natureforlife.org\/de\/wp-json\/wp\/v2\/types\/page"}],"author":[{"embeddable":true,"href":"https:\/\/natureforlife.org\/de\/wp-json\/wp\/v2\/users\/1"}],"replies":[{"embeddable":true,"href":"https:\/\/natureforlife.org\/de\/wp-json\/wp\/v2\/comments?post=468"}],"version-history":[{"count":2,"href":"https:\/\/natureforlife.org\/de\/wp-json\/wp\/v2\/pages\/468\/revisions"}],"predecessor-version":[{"id":470,"href":"https:\/\/natureforlife.org\/de\/wp-json\/wp\/v2\/pages\/468\/revisions\/470"}],"wp:attachment":[{"href":"https:\/\/natureforlife.org\/de\/wp-json\/wp\/v2\/media?parent=468"}],"curies":[{"name":"wp","href":"https:\/\/api.w.org\/{rel}","templated":true}]}}