{"id":382,"date":"2023-01-30T17:45:58","date_gmt":"2023-01-30T17:45:58","guid":{"rendered":"https:\/\/natureforlife.org\/mission\/"},"modified":"2025-08-14T18:37:52","modified_gmt":"2025-08-14T18:37:52","slug":"vision","status":"publish","type":"page","link":"https:\/\/natureforlife.org\/de\/vision\/","title":{"rendered":"Vision"},"content":{"rendered":"<section class=\"u-black u-clearfix u-section-2\" id=\"sec-8f1b\">\n      <div class=\"u-clearfix u-sheet u-sheet-1\">\n        <h1 class=\"u-text u-text-default u-text-palette-5-base u-text-1\">Vision<\/h1>\n        <img decoding=\"async\" class=\"u-expanded-width u-image u-image-default u-image-1\" src=\"https:\/\/natureforlife.org\/wp-content\/uploads\/2023\/01\/Screenshot2022-03-14at15-20-01Missie-6.png\" alt=\"\" data-image-width=\"970\" data-image-height=\"95\">\n        <p class=\"u-text u-text-default u-text-palette-3-base u-text-2\">Vision <br>\n          <br>Seit Beginn der Entwicklung des Lebens auf der Erde hat die Zahl der Lebensformen stetig zugenommen. Diese Zunahme hat zu der heutigen beeindruckenden Vielfalt an Einzellern, Pflanzen und Tieren gef\u00fchrt, die f\u00fcr uns heute so wichtig sind. Dieser Artenreichtum, auch Biodiversit\u00e4t genannt, dient dazu, die Reaktion unserer Erde auf pl\u00f6tzliche Umweltver\u00e4nderungen abzufedern. <br>\n          <br>Die Menschen begannen, dieses Gleichgewicht in gro\u00dfem Umfang zu st\u00f6ren, als die industrielle Revolution Einzug hielt. Wir profitieren jedoch sehr von der Vielfalt der Natur. Denken Sie nur an Wasserreinigung, Lebensmittelproduktion, CO2-Aufnahme, Herstellung von Medikamenten, Abfallbehandlung und Erholung. Au\u00dferdem hat sich die Biodiversit\u00e4t als geschickte Waffe gegen den raschen Klimawandel erwiesen. <br>\n          <br>Die \u201eNature for Life Foundation\u201c will B\u00fcrgern, Politikern und Unternehmern die Bedeutung der Biodiversit\u00e4t mit verst\u00e4ndlicher Sprache und phantasievollen Beispielen n\u00e4herbringen. \n        <\/p>\n      <\/div>\n    <\/section>","protected":false},"excerpt":{"rendered":"<p>Vision Vision Since life started to develop on earth, the number of life forms has consistently increased. This increase has led to the current impressive multiplicity of single-celled organisms, plants, and animals, which are so highly important to us now. This wealth of species, also called biodiversity, serves to cushion our earth&#8217;s reaction to sudden &hellip; <a href=\"https:\/\/natureforlife.org\/de\/vision\/\" class=\"more-link\">Weiterlesen<span class=\"screen-reader-text\"> &#8220;Vision&#8221;<\/span><\/a><\/p>","protected":false},"author":1,"featured_media":0,"parent":0,"menu_order":11,"comment_status":"closed","ping_status":"closed","template":"","meta":{"footnotes":""},"class_list":["post-382","page","type-page","status-publish","hentry"],"_links":{"self":[{"href":"https:\/\/natureforlife.org\/de\/wp-json\/wp\/v2\/pages\/382","targetHints":{"allow":["GET"]}}],"collection":[{"href":"https:\/\/natureforlife.org\/de\/wp-json\/wp\/v2\/pages"}],"about":[{"href":"https:\/\/natureforlife.org\/de\/wp-json\/wp\/v2\/types\/page"}],"author":[{"embeddable":true,"href":"https:\/\/natureforlife.org\/de\/wp-json\/wp\/v2\/users\/1"}],"replies":[{"embeddable":true,"href":"https:\/\/natureforlife.org\/de\/wp-json\/wp\/v2\/comments?post=382"}],"version-history":[{"count":3,"href":"https:\/\/natureforlife.org\/de\/wp-json\/wp\/v2\/pages\/382\/revisions"}],"predecessor-version":[{"id":471,"href":"https:\/\/natureforlife.org\/de\/wp-json\/wp\/v2\/pages\/382\/revisions\/471"}],"wp:attachment":[{"href":"https:\/\/natureforlife.org\/de\/wp-json\/wp\/v2\/media?parent=382"}],"curies":[{"name":"wp","href":"https:\/\/api.w.org\/{rel}","templated":true}]}}