{"id":381,"date":"2023-01-30T17:45:57","date_gmt":"2023-01-30T17:45:57","guid":{"rendered":"https:\/\/natureforlife.org\/about-us\/"},"modified":"2025-08-14T14:56:44","modified_gmt":"2025-08-14T14:56:44","slug":"about-us","status":"publish","type":"page","link":"https:\/\/natureforlife.org\/de\/about-us\/","title":{"rendered":"\u00dcber uns"},"content":{"rendered":"<section class=\"u-black u-clearfix u-section-2\" id=\"sec-7696\">\n      <div class=\"u-clearfix u-sheet u-sheet-1\">\n        <h1 class=\"u-text u-text-default u-text-palette-5-base u-text-1\">\u00dcber uns <\/h1>\n        <p class=\"u-text u-text-default u-text-palette-3-base u-text-2\"><i>Sch\u00fctzt das Widerstandssystem der ERDE und damit die Zukunft unserer Kinder, indem wir in gesunden L\u00e4ndern und St\u00e4dten leben<\/i>\n          <br><i>&nbsp;<\/i>\n          <br><i>1. \u00dcber uns.<\/i>\n          <br><i>&nbsp;<\/i>\n          <br><i>1.1 Auftrag<br><\/i>\n          <br><i>1.2 Der Stiftungsrat<br>\n            <br><\/i><i>1.3 Kontakte<\/i>\n          <br><i>&nbsp;<\/i>\n          <br><i>2. Priorit\u00e4t und Ma\u00dfnahmen<\/i>\n          <br><i>&nbsp;<\/i>\n          <br><i>3. Uns unterst\u00fctzen?<\/i>\n          <br><i>&nbsp;<\/i>\n          <br><i>4. Partner<\/i>\n          <br><i>&nbsp;<\/i>\n          <br><i>5. Verkn\u00fcpfungen<\/i>\n          <br><i>&nbsp;<\/i>\n          <br><i>6. Nachrichten<\/i>\n        <\/p>\n      <\/div>\n    <\/section>","protected":false},"excerpt":{"rendered":"<p>\u00dcber uns Sch\u00fctzt das Widerstandssystem der ERDE und damit die Zukunft unserer Kinder durch das Leben in gesunden L\u00e4ndern und St\u00e4dten 1. \u00dcber uns. 1.1 Mission 1.2 Der Stiftungsrat 1.3 Kontakte 2. Priorit\u00e4ten und Aktionen 3. Unterst\u00fctzen Sie uns? 4. Partner 5. Links 6. Neuigkeiten<\/p>","protected":false},"author":1,"featured_media":0,"parent":0,"menu_order":10,"comment_status":"closed","ping_status":"closed","template":"","meta":{"footnotes":""},"class_list":["post-381","page","type-page","status-publish","hentry"],"_links":{"self":[{"href":"https:\/\/natureforlife.org\/de\/wp-json\/wp\/v2\/pages\/381","targetHints":{"allow":["GET"]}}],"collection":[{"href":"https:\/\/natureforlife.org\/de\/wp-json\/wp\/v2\/pages"}],"about":[{"href":"https:\/\/natureforlife.org\/de\/wp-json\/wp\/v2\/types\/page"}],"author":[{"embeddable":true,"href":"https:\/\/natureforlife.org\/de\/wp-json\/wp\/v2\/users\/1"}],"replies":[{"embeddable":true,"href":"https:\/\/natureforlife.org\/de\/wp-json\/wp\/v2\/comments?post=381"}],"version-history":[{"count":2,"href":"https:\/\/natureforlife.org\/de\/wp-json\/wp\/v2\/pages\/381\/revisions"}],"predecessor-version":[{"id":476,"href":"https:\/\/natureforlife.org\/de\/wp-json\/wp\/v2\/pages\/381\/revisions\/476"}],"wp:attachment":[{"href":"https:\/\/natureforlife.org\/de\/wp-json\/wp\/v2\/media?parent=381"}],"curies":[{"name":"wp","href":"https:\/\/api.w.org\/{rel}","templated":true}]}}