{"id":378,"date":"2023-01-30T17:45:54","date_gmt":"2023-01-30T17:45:54","guid":{"rendered":"https:\/\/natureforlife.org\/links\/"},"modified":"2025-02-17T14:53:13","modified_gmt":"2025-02-17T14:53:13","slug":"links","status":"publish","type":"page","link":"https:\/\/natureforlife.org\/de\/links\/","title":{"rendered":"Verkn\u00fcpfungen"},"content":{"rendered":"<section class=\"u-black u-clearfix u-section-1\" id=\"sec-f733\">\n      <div class=\"u-clearfix u-sheet u-sheet-1\">\n        <h1 class=\"u-text u-text-default u-text-palette-5-base u-text-1\">Verkn\u00fcpfungen<\/h1>\n        <p class=\"u-text u-text-palette-3-base u-text-2\"> Einige Links sind nicht in englischer Sprache verf\u00fcgbar. Aufgrund der hohen Qualit\u00e4t der Inhalte teilen wir diese dennoch gerne mit Ihnen. Bitte verwenden Sie &quot;Google Translate&quot;, um den Inhalt in Ihrer bevorzugten Sprache anzuzeigen.&nbsp;<br>\n          <br>&nbsp;* <a href=\"http:\/\/www.hetkanwel.nl\" class=\"u-active-none u-border-none u-btn u-button-style u-hover-none u-none u-text-palette-1-base u-btn-1\">www.hetkanwel.nl<\/a>&nbsp;(eine preisgekr\u00f6nte Website \u00fcber Ideen, wie man nachhaltige Methoden im t\u00e4glichen Leben anwenden kann)<br>&nbsp;* <a href=\"http:\/\/www.zeewierwijzer.com\" class=\"u-active-none u-border-none u-btn u-button-style u-hover-none u-none u-text-palette-1-base u-btn-2\">www.zeewierwijzer.com<\/a>&nbsp;(Wie verwendet man Meeresalgen, um unsere gesunden Mahlzeiten zuzubereiten?)&nbsp;<br>&nbsp;* <a href=\"http:\/\/www.ecodorpboekel.nl\" class=\"u-active-none u-border-none u-btn u-button-style u-hover-none u-none u-text-palette-1-base u-btn-3\">www.ecodorpboekel.nl<\/a>&nbsp;(ein experimentelles &quot;\u00d6kodorf&quot;)&nbsp;&nbsp;\n        <\/p>\n      <\/div>\n    <\/section>","protected":false},"excerpt":{"rendered":"<p>Links Einige Links sind nicht in englischer Sprache verf\u00fcgbar. Aufgrund der hohen Qualit\u00e4t der Inhalte teilen wir diese immer noch gerne mit Ihnen. Bitte verwenden Sie \u201eGoogle Translate\u201c, um den Inhalt in Ihrer bevorzugten Sprache anzuzeigen. * www.hetkanwel.nl (eine preisgekr\u00f6nte Website \u00fcber Ideen, wie man nachhaltige Methoden im t\u00e4glichen Leben nutzen kann) * www.zeewierwijzer.com (wie man \u2026 <a href=\"https:\/\/natureforlife.org\/de\/links\/\" class=\"more-link\">Weiterlesen<span class=\"screen-reader-text\"> \u201eLinks\u201c<\/span><\/a><\/p>","protected":false},"author":1,"featured_media":0,"parent":0,"menu_order":7,"comment_status":"closed","ping_status":"closed","template":"","meta":{"footnotes":""},"class_list":["post-378","page","type-page","status-publish","hentry"],"_links":{"self":[{"href":"https:\/\/natureforlife.org\/de\/wp-json\/wp\/v2\/pages\/378","targetHints":{"allow":["GET"]}}],"collection":[{"href":"https:\/\/natureforlife.org\/de\/wp-json\/wp\/v2\/pages"}],"about":[{"href":"https:\/\/natureforlife.org\/de\/wp-json\/wp\/v2\/types\/page"}],"author":[{"embeddable":true,"href":"https:\/\/natureforlife.org\/de\/wp-json\/wp\/v2\/users\/1"}],"replies":[{"embeddable":true,"href":"https:\/\/natureforlife.org\/de\/wp-json\/wp\/v2\/comments?post=378"}],"version-history":[{"count":1,"href":"https:\/\/natureforlife.org\/de\/wp-json\/wp\/v2\/pages\/378\/revisions"}],"predecessor-version":[{"id":390,"href":"https:\/\/natureforlife.org\/de\/wp-json\/wp\/v2\/pages\/378\/revisions\/390"}],"wp:attachment":[{"href":"https:\/\/natureforlife.org\/de\/wp-json\/wp\/v2\/media?parent=378"}],"curies":[{"name":"wp","href":"https:\/\/api.w.org\/{rel}","templated":true}]}}