{"id":375,"date":"2023-01-30T17:45:51","date_gmt":"2023-01-30T17:45:51","guid":{"rendered":"https:\/\/natureforlife.org\/policy-priorities-and-actions\/"},"modified":"2025-08-14T09:19:36","modified_gmt":"2025-08-14T09:19:36","slug":"policy-priorities-and-actions","status":"publish","type":"page","link":"https:\/\/natureforlife.org\/de\/policy-priorities-and-actions\/","title":{"rendered":"Politische Priorit\u00e4ten und Ma\u00dfnahmen"},"content":{"rendered":"<section class=\"u-black u-clearfix u-section-2\" id=\"sec-f733\">\n      <div class=\"u-clearfix u-sheet u-sheet-1\">\n        <h1 class=\"u-text u-text-default u-text-palette-5-base u-text-1\">Politik, Priorit\u00e4ten und Ma\u00dfnahmen<\/h1>\n        <img decoding=\"async\" class=\"u-image u-image-default u-image-1\" src=\"https:\/\/natureforlife.org\/wp-content\/uploads\/2023\/01\/priorities1-large-6.jpg\" alt=\"\" data-image-width=\"490\" data-image-height=\"330\">\n        <p class=\"u-text u-text-palette-3-base u-text-2\"> Strategieplan 2025<br>\n          <br>1. Richtlinie<br>\n          <br> Nature for Life lenkt den Blick auf die Bedeutung einer gesunden Natur f\u00fcr unser t\u00e4gliches Leben, vor allem auf junge Menschen weltweit, als W\u00e4hlerschaft in einem demokratischen System und zuk\u00fcnftige Innovatoren.<br>\n          <br>2. Priorit\u00e4ten&nbsp;<br>\n          <br>2.2. Internationale Konzeption und Produktion kurzer Internetvideos mit humorvollem Cover und ernstem Kern \u00fcber die \u201eFunktionen der Natur\u201c, die bei jungen Menschen viral gehen&nbsp;<br>\n          <br>2.3. \u201eNaturfunktionen\u201c, auch \u201e\u00d6kosystemdienstleistungen\u201c genannt, sollen besser gef\u00f6rdert werden: a. Wasser b. Nahrung c. Klima d. Energie e. Gesundheit&nbsp;<br>\n          <br>2.4. Mehrere unabh\u00e4ngige Schwesterstiftungen befinden sich im Prozess zur Gr\u00fcndung einer nationalen Nature for Life-Organisation: gleicher Name, gleiche Mission, gleiches Logo, aber unabh\u00e4ngig in der Umsetzung und den Finanzen.&nbsp;<br>\n          <br>2.5. Es werden mehr als 20 Innovationen in den unter Punkt 2.3 genannten Themen entwickelt und die Ergebnisse werden international mit den Schwesterstiftungen geteilt.&nbsp;<br>\n          <br>3. Aktionen&nbsp;<br>\n          <br>3.1. Suche nach den besten Produzenten f\u00fcr virale Internet-Kurzvideos&nbsp;<br>\n          <br>3.2. Ersatz von Holzkohle bei der Essenszubereitung durch verschiedene andere Techniken, z. B. Fermentation, Solar-, Mikrowellen- und Induktionserhitzung&nbsp;<br>\n          <br>3.3. Vielf\u00e4ltige und linear skalierbare Landnutzungspraktiken wie der Energy Food Forest (EFF), bei dem die Produktion von Solarenergie mit dem Anbau biologisch vielf\u00e4ltiger Nahrungsmittelpflanzen sowie der Sammlung, Speicherung und Bew\u00e4sserung von Regenwasser kombiniert werden kann.&nbsp;<br>\n          <br>3.4. Installation der ersten \u201eBee Hills\u201c in st\u00e4dtischen Umgebungen, um die lokale Biodiversit\u00e4t zu erh\u00f6hen&nbsp;<br>\n          <br>3.5. Forschung und Entwicklung von Methoden zur Erfassung und Speicherung von Restw\u00e4rme und CO2 aus Verbrennungsmotoren&nbsp;<br>\n          <br>3.6. Unterst\u00fctzung von Schwesterstiftungen bei der Einrichtung erster m\u00f6glicher Projekte, wie etwa eines \u201e\u00d6kokorridors\u201c um einen verschmutzten Fluss f\u00fcr unsere \u201ePilotschwestern\u201c in Gambia und Madagaskar.&nbsp;<br>\n          <br>3.7. Unterst\u00fctzung von Schwesterstiftungen bei ihren nationalen Problemen mit Kunststoffabf\u00e4llen, mit dem Ziel der Infrastruktur und Fraktionierung.&nbsp;<br>\n          <br>3.8. \u201e\u00d6kozid\u201c ist die gro\u00dffl\u00e4chige Zerst\u00f6rung von \u00d6kosystemen, in der Regel aus privaten Gr\u00fcnden. Nature for Life unterst\u00fctzt Ma\u00dfnahmen, die sicherstellen, dass \u00d6kozid im R\u00f6mischen Statut des Internationalen Strafgerichtshofs (IStGH) als formelles internationales Verbrechen anerkannt wird.<br>\n          <br>3.9. Entwicklung des \u201eDrinkingTrain\u201c, eines energieautarken Systems zur Trinkwassergewinnung <br>\n        <\/p>\n      <\/div>\n    <\/section>","protected":false},"excerpt":{"rendered":"<p>Strategieplan 2025: Politik, Priorit\u00e4ten und Ma\u00dfnahmen 1. Politik \u201eNatur f\u00fcr das Leben\u201c: Der Fokus liegt auf der Bedeutung einer intakten Natur f\u00fcr unser t\u00e4gliches Leben, insbesondere bei jungen Menschen weltweit als W\u00e4hlerschaft in einem demokratischen System und zuk\u00fcnftigen Innovatoren. 2. Priorit\u00e4ten 2.2. Internationale Konzeption und Produktion von kurzen Internetvideos mit humorvollem Cover und ernstem Kern \u2026 <a href=\"https:\/\/natureforlife.org\/de\/policy-priorities-and-actions\/\" class=\"more-link\">Weiterlesen<span class=\"screen-reader-text\"> \u201ePolitische Priorit\u00e4ten und Ma\u00dfnahmen\u201c<\/span><\/a><\/p>","protected":false},"author":1,"featured_media":0,"parent":0,"menu_order":4,"comment_status":"closed","ping_status":"closed","template":"","meta":{"footnotes":""},"class_list":["post-375","page","type-page","status-publish","hentry"],"_links":{"self":[{"href":"https:\/\/natureforlife.org\/de\/wp-json\/wp\/v2\/pages\/375","targetHints":{"allow":["GET"]}}],"collection":[{"href":"https:\/\/natureforlife.org\/de\/wp-json\/wp\/v2\/pages"}],"about":[{"href":"https:\/\/natureforlife.org\/de\/wp-json\/wp\/v2\/types\/page"}],"author":[{"embeddable":true,"href":"https:\/\/natureforlife.org\/de\/wp-json\/wp\/v2\/users\/1"}],"replies":[{"embeddable":true,"href":"https:\/\/natureforlife.org\/de\/wp-json\/wp\/v2\/comments?post=375"}],"version-history":[{"count":7,"href":"https:\/\/natureforlife.org\/de\/wp-json\/wp\/v2\/pages\/375\/revisions"}],"predecessor-version":[{"id":475,"href":"https:\/\/natureforlife.org\/de\/wp-json\/wp\/v2\/pages\/375\/revisions\/475"}],"wp:attachment":[{"href":"https:\/\/natureforlife.org\/de\/wp-json\/wp\/v2\/media?parent=375"}],"curies":[{"name":"wp","href":"https:\/\/api.w.org\/{rel}","templated":true}]}}