{"id":374,"date":"2023-01-30T17:45:50","date_gmt":"2023-01-30T17:45:50","guid":{"rendered":"https:\/\/natureforlife.org\/support-us\/"},"modified":"2025-02-17T14:53:13","modified_gmt":"2025-02-17T14:53:13","slug":"support-us","status":"publish","type":"page","link":"https:\/\/natureforlife.org\/de\/support-us\/","title":{"rendered":"Unterst\u00fctze uns"},"content":{"rendered":"<section class=\"u-black u-clearfix u-section-2\" id=\"sec-f733\">\n      <div class=\"u-clearfix u-sheet u-sheet-1\">\n        <h1 class=\"u-text u-text-default u-text-palette-5-base u-text-1\">Unterst\u00fctze uns<\/h1>\n        <p class=\"u-text u-text-palette-3-base u-text-2\"><b>Unterst\u00fctze uns?<\/b>\n          <br>\n          <br>Unser Ziel ist die Verbreitung von Wissen \u00fcber die Funktionen und Werte unber\u00fchrter Natur (auch Biodiversit\u00e4t oder \u00f6kologische Leistungen genannt) f\u00fcr unsere j\u00fcngeren und zuk\u00fcnftigen Generationen. Siehe unsere \u201eMission\u201c f\u00fcr eine detailliertere Beschreibung.<br>\n          <br>Aufgrund der Art der Stiftung (eine ANBI-Stiftung mit Sitz in den Niederlanden) haben wir uns verpflichtet, unsere Finanzdaten nach jedem Kalenderjahr auf dieser Website zu ver\u00f6ffentlichen \u2013 erstmals f\u00fcr das Gesch\u00e4ftsjahr 2017, sobald wir das finanzielle Niveau unserer Hauptverpflichtung im aktuellen Strategieplan erreicht haben.<br>\n          <br>F\u00fcr unsere Aktivit\u00e4ten ben\u00f6tigen wir ein regelm\u00e4\u00dfiges Einkommen. Sie k\u00f6nnen unterst\u00fctzen durch:<br>&nbsp;1 Nennung unseres Namens in Ihrem letzten Willen (Testament)<br>&nbsp;2 Regelm\u00e4\u00dfige kleine Zahlung auf unser Konto \u00fcberweisen (siehe unten)<br>&nbsp;3 Teilen unserer Aktivit\u00e4ten \u00fcber soziale Medien. Bitte beachten Sie, dass unsere Mission in 13 Sprachen verf\u00fcgbar ist, die auf der Startseite dieser Website ausgew\u00e4hlt werden k\u00f6nnen<br>&nbsp;4 Direktes Sponsoring einer unserer zuk\u00fcnftigen Aktivit\u00e4ten, wie z. B. eines Kongresses<br>\n          <br>Geschenke sind willkommen: Bitte kontaktieren Sie uns unter info@natureforlife.org oder \u00fcberweisen Sie Ihre Geschenke an:<br>Stichting Nature for Life Foundation, Grotestraat 154a, 5141HC Waalwijk, Niederlande<br>Triodos Bank, BIC\/Swift-Code: TRIONL2u. IBAN: NL50 TRIO 0320 8742 65<br>\n          <br>Angaben zur Stiftung: Handelskammernummer 66349575 Steuernummer 856506722<br>\n          <br>Vielen Dank f\u00fcr Ihre Hilfe ! \n        <\/p>\n      <\/div>\n    <\/section>","protected":false},"excerpt":{"rendered":"<p>Unterst\u00fctzen Sie uns. Unterst\u00fctzen Sie uns? Unser Ziel ist die Verbreitung von Wissen \u00fcber die Funktionen und Werte der ungest\u00f6rten Natur (auch Biodiversit\u00e4t oder \u00f6kologische Dienstleistungen genannt) f\u00fcr unsere j\u00fcngsten und zuk\u00fcnftigen Generationen. Eine detailliertere Beschreibung finden Sie in unserer \u201eMission\u201c. Aufgrund der Art der Stiftung (eine steuerliche ANBI-Stiftung mit unserer Registrierung im \u2026 <a href=\"https:\/\/natureforlife.org\/de\/support-us\/\" class=\"more-link\">Weiterlesen<span class=\"screen-reader-text\"> &quot;Unterst\u00fctze uns&quot;<\/span><\/a><\/p>","protected":false},"author":1,"featured_media":0,"parent":0,"menu_order":3,"comment_status":"closed","ping_status":"closed","template":"","meta":{"footnotes":""},"class_list":["post-374","page","type-page","status-publish","hentry"],"_links":{"self":[{"href":"https:\/\/natureforlife.org\/de\/wp-json\/wp\/v2\/pages\/374","targetHints":{"allow":["GET"]}}],"collection":[{"href":"https:\/\/natureforlife.org\/de\/wp-json\/wp\/v2\/pages"}],"about":[{"href":"https:\/\/natureforlife.org\/de\/wp-json\/wp\/v2\/types\/page"}],"author":[{"embeddable":true,"href":"https:\/\/natureforlife.org\/de\/wp-json\/wp\/v2\/users\/1"}],"replies":[{"embeddable":true,"href":"https:\/\/natureforlife.org\/de\/wp-json\/wp\/v2\/comments?post=374"}],"version-history":[{"count":3,"href":"https:\/\/natureforlife.org\/de\/wp-json\/wp\/v2\/pages\/374\/revisions"}],"predecessor-version":[{"id":452,"href":"https:\/\/natureforlife.org\/de\/wp-json\/wp\/v2\/pages\/374\/revisions\/452"}],"wp:attachment":[{"href":"https:\/\/natureforlife.org\/de\/wp-json\/wp\/v2\/media?parent=374"}],"curies":[{"name":"wp","href":"https:\/\/api.w.org\/{rel}","templated":true}]}}