{"id":372,"date":"2023-01-30T17:45:48","date_gmt":"2023-01-30T17:45:48","guid":{"rendered":"https:\/\/natureforlife.org\/partners\/"},"modified":"2025-02-17T14:53:13","modified_gmt":"2025-02-17T14:53:13","slug":"partners","status":"publish","type":"page","link":"https:\/\/natureforlife.org\/de\/partners\/","title":{"rendered":"Partner"},"content":{"rendered":"<section class=\"u-black u-clearfix u-section-1\" id=\"sec-f733\">\n      <div class=\"u-clearfix u-sheet u-sheet-1\">\n        <h1 class=\"u-text u-text-default u-text-palette-5-base u-text-1\">Partner<\/h1>\n        <p class=\"u-text u-text-palette-3-base u-text-2\"><b>Partner<\/b>&nbsp; &nbsp;<br>\n          <br>Es d\u00fcrfte klar sein, dass wir unsere Ziele nicht alleine verwirklichen k\u00f6nnen. Daher d\u00fcrfen wir gerne einige Partner erw\u00e4hnen, die uns von Anfang an unterst\u00fctzt haben. Zum Beispiel:<br>\n          <br>&nbsp;\n- Stiftung Parkpaviljoen, Waalwijk, Niederlande,<i> Nachbarn (<a href=\"http:\/\/www.parkpaviljoenwaalwijk.nl\" class=\"u-active-none u-border-none u-btn u-button-style u-hover-none u-none u-text-palette-1-base u-btn-1\">www.parkpaviljoenwaalwijk.nl<\/a>)<\/i>\n          <br>\n          <br>&nbsp;&nbsp;<i>-<\/i> Stiftung Wandelpark, Waalwijk, Niederlande,<i> Nachbarn (<a href=\"http:\/\/wandelparkwaalwijk.nl\/\" class=\"u-active-none u-border-none u-btn u-button-style u-hover-none u-none u-text-palette-1-base u-btn-2\">http:\/\/wandelparkwaalwijk.nl\/<\/a>)<\/i>\n          <br>&nbsp;<br>&nbsp; - Meewis Notarissen, Waalwijk, Niederlande (<a href=\"http:\/\/www.meewisnotarissen.nl\/\" class=\"u-active-none u-border-none u-btn u-button-style u-hover-none u-none u-text-palette-1-base u-btn-3\">http:\/\/www.meewisnotarissen.nl\/<\/a>)<br>\n          <br>&nbsp; - Hortus Botanicus, Amsterdam, Niederlande (<a href=\"https:\/\/www.dehortus.nl\/\" class=\"u-active-none u-border-none u-btn u-button-style u-hover-none u-none u-text-palette-1-base u-btn-4\">https:\/\/www.dehortus.nl\/<\/a>) <i><\/i>&nbsp;&nbsp;<br>\n          <br>Au\u00dferdem haben wir <b>Freiwillige<\/b>, uns mit Aktivit\u00e4ten und Ratschl\u00e4gen helfen. Ohne sie k\u00f6nnten wir nicht existieren. Wir sind allen sehr dankbar f\u00fcr ihren Beitrag.\n        <\/p>\n      <\/div>\n    <\/section>","protected":false},"excerpt":{"rendered":"<p>Partner Partner Es d\u00fcrfte klar sein, dass wir unsere Ziele nicht alleine verwirklichen k\u00f6nnen. Deshalb nennen wir Ihnen gerne einige Partner, die uns von Anfang an unterst\u00fctzt haben. Zum Beispiel: \u2013 Stiftung Parkpaviljoen, Waalwijk, Niederlande, Nachbarn (www.parkpaviljoenwaalwijk.nl) \u2013 Stiftung Wandelpark, Waalwijk, Niederlande, Nachbarn (http:\/\/wandelparkwaalwijk.nl\/) \u2013 Meewis Notarissen, Waalwijk, Niederlande (http:\/\/ www.meewisnotarissen.nl\/) \u2013 \u2026 <a href=\"https:\/\/natureforlife.org\/de\/partners\/\" class=\"more-link\">Weiterlesen<span class=\"screen-reader-text\"> \u201ePartner\u201c<\/span><\/a><\/p>","protected":false},"author":1,"featured_media":0,"parent":0,"menu_order":1,"comment_status":"closed","ping_status":"closed","template":"","meta":{"footnotes":""},"class_list":["post-372","page","type-page","status-publish","hentry"],"_links":{"self":[{"href":"https:\/\/natureforlife.org\/de\/wp-json\/wp\/v2\/pages\/372","targetHints":{"allow":["GET"]}}],"collection":[{"href":"https:\/\/natureforlife.org\/de\/wp-json\/wp\/v2\/pages"}],"about":[{"href":"https:\/\/natureforlife.org\/de\/wp-json\/wp\/v2\/types\/page"}],"author":[{"embeddable":true,"href":"https:\/\/natureforlife.org\/de\/wp-json\/wp\/v2\/users\/1"}],"replies":[{"embeddable":true,"href":"https:\/\/natureforlife.org\/de\/wp-json\/wp\/v2\/comments?post=372"}],"version-history":[{"count":1,"href":"https:\/\/natureforlife.org\/de\/wp-json\/wp\/v2\/pages\/372\/revisions"}],"predecessor-version":[{"id":384,"href":"https:\/\/natureforlife.org\/de\/wp-json\/wp\/v2\/pages\/372\/revisions\/384"}],"wp:attachment":[{"href":"https:\/\/natureforlife.org\/de\/wp-json\/wp\/v2\/media?parent=372"}],"curies":[{"name":"wp","href":"https:\/\/api.w.org\/{rel}","templated":true}]}}